{"id":8235,"date":"2023-06-01T21:31:07","date_gmt":"2023-06-01T19:31:07","guid":{"rendered":"https:\/\/sunmax.md\/?page_id=8235"},"modified":"2023-06-09T19:17:10","modified_gmt":"2023-06-09T17:17:10","slug":"despre-sunmax","status":"publish","type":"page","link":"https:\/\/sunmax.md\/ro\/despre-sunmax\/","title":{"rendered":"Despre SunMax"},"content":{"rendered":"<div class=\"wpb-content-wrapper\"><p>[vc_row][vc_column][vc_custom_heading text=&#8221;Principiile \u0219i priorit\u0103\u021bile SunMax&#8221; font_container=&#8221;tag:h2|text_align:center&#8221; use_theme_fonts=&#8221;yes&#8221;][vc_empty_space height=&#8221;20px&#8221;][vc_column_text]Compania SunMax se specializeaz\u0103 \u00een v\u00e2nzarea, instalarea \u0219i \u00eentre\u021binerea diferitelor tipuri de sisteme solare: On Grid, Off Grid \u0219i Hybrid, cu puteri cuprinse \u00eentre 3,5 kilowa\u021bi \u0219i 11,5 kilowa\u021bi.<\/p>\n<p>Echipa de speciali\u0219ti SunMax a dezvoltat solu\u021bii predefinite pentru consumatorii individuali, f\u0103r\u0103 cerin\u021be speciale de conectare.<\/p>\n<p>Sta\u021bia solar\u0103 complet\u0103 este compus\u0103 din module solare, un invertor, baterii \u0219i este echipat\u0103 cu toat\u0103 automatizarea necesar\u0103 pentru monitorizarea \u0219i controlul func\u021bion\u0103rii.<\/p>\n<p>Solu\u021biile predefinite dezvoltate includ un sistem de monitorizare prin conexiune Wi-Fi. \u00cen timp real \u0219i din orice loc de pe glob, se poate monitoriza func\u021bionarea invertorului, cantitatea de energie electric\u0103 produs\u0103 de soare \u0219i consumat\u0103 \u00een prezent, temperatura \u00een \u00eenc\u0103pere, precum \u0219i nivelul de CO2.<\/p>\n<p>Speciali\u0219tii SunMax utilizeaz\u0103 componente exclusiv de la produc\u0103tori mondiali verifica\u021bi. Pentru a prelungi durata de via\u021b\u0103, sunt utilizate baterii moderne LiFePo4 \u0219i baterii gel, cu un num\u0103r m\u0103rit de cicluri de \u00eenc\u0103rcare-desc\u0103rcare de p\u00e2n\u0103 la 6000 de ori.<\/p>\n<p>Toate solu\u021biile predefinite beneficiaz\u0103 de o garan\u021bie de un an, care include monitorizarea la distan\u021b\u0103 a sistemului, ajust\u0103ri suplimentare f\u0103r\u0103 interven\u021bia clientului.<\/p>\n<p>De asemenea, contractul de garan\u021bie include 4 vizite suplimentare (pe an) la loca\u021bie pentru inspec\u021bie vizual\u0103 \u0219i lucr\u0103ri de \u00eentre\u021binere preventiv\u0103. Aceasta va evita defec\u021biuni poten\u021biale.[\/vc_column_text][vc_empty_space height=&#8221;50px&#8221;][\/vc_column][\/vc_row][vc_row full_width=&#8221;stretch_row&#8221; content_placement=&#8221;middle&#8221; css=&#8221;.vc_custom_1685647951855{padding-top: 50px !important;padding-bottom: 50px !important;background-color: #e8e8e8 !important;}&#8221;][vc_column][vc_custom_heading text=&#8221;Lucr\u0103m cu m\u0103rci la nivel mondial&#8221; font_container=&#8221;tag:h2|text_align:center&#8221; use_theme_fonts=&#8221;yes&#8221;][vc_empty_space height=&#8221;20px&#8221;][vc_images_carousel images=&#8221;8172,8158,8156,8169,8160,8166,8162,8164,8170,8154&#8243; img_size=&#8221;full&#8221; onclick=&#8221;link_no&#8221; slides_per_view=&#8221;6&#8243; autoplay=&#8221;yes&#8221; hide_pagination_control=&#8221;yes&#8221; hide_prev_next_buttons=&#8221;yes&#8221; wrap=&#8221;yes&#8221;][\/vc_column][\/vc_row][vc_row css=&#8221;.vc_custom_1685624779920{margin-top: 0px !important;}&#8221;][vc_column][vc_empty_space height=&#8221;50px&#8221;][vc_column_text]<\/p>\n<h2 style=\"text-align: center;\">Sisteme \/ kituri fotovoltaice<\/h2>\n<p>[\/vc_column_text][vc_empty_space height=&#8221;5px&#8221;]<div class=\"woocommerce columns-3 \"><ul class=\"products columns-3\">\n<li class=\"product type-product post-8026 status-publish first instock product_tag-sistem-solar-fotovoltaic has-post-thumbnail shipping-taxable product-type-grouped\">\n\t<div class=\"inner-item-product\"><div class=\"product-image\"><a href=\"https:\/\/sunmax.md\/ro\/cat\/sistem-solar-fotovoltaic-cu-invertor-de-3-kw\/\" title=\"Sistem solar fotovoltaic cu invertor LUXEON 3 kWt (Gel)\" class=\"wp-post-image\"><img loading=\"lazy\" decoding=\"async\" width=\"380\" height=\"380\" src=\"https:\/\/sunmax.md\/wp-content\/uploads\/2023\/05\/3kwt-380x380.jpg\" class=\"attachment-woocommerce_thumbnail size-woocommerce_thumbnail\" alt=\"\" srcset=\"https:\/\/sunmax.md\/wp-content\/uploads\/2023\/05\/3kwt-380x380.jpg 380w, https:\/\/sunmax.md\/wp-content\/uploads\/2023\/05\/3kwt-300x300.jpg 300w, https:\/\/sunmax.md\/wp-content\/uploads\/2023\/05\/3kwt-150x150.jpg 150w, https:\/\/sunmax.md\/wp-content\/uploads\/2023\/05\/3kwt-768x768.jpg 768w, https:\/\/sunmax.md\/wp-content\/uploads\/2023\/05\/3kwt-600x600.jpg 600w, https:\/\/sunmax.md\/wp-content\/uploads\/2023\/05\/3kwt-100x100.jpg 100w, https:\/\/sunmax.md\/wp-content\/uploads\/2023\/05\/3kwt.jpg 800w\" sizes=\"auto, (max-width: 380px) 100vw, 380px\" \/><\/a><div class=\"box-hover\"><a href=\"https:\/\/sunmax.md\/ro\/cat\/sistem-solar-fotovoltaic-cu-invertor-de-3-kw\/\" aria-describedby=\"woocommerce_loop_add_to_cart_link_describedby_8026\" data-quantity=\"1\" class=\"button product_type_grouped\" data-product_id=\"8026\" data-product_sku=\"\" aria-label=\"Vezi produsele din grupul &bdquo;Sistem solar fotovoltaic cu invertor LUXEON 3 kWt (Gel)&rdquo;\" rel=\"nofollow\">Vezi produsele<\/a>\t<span id=\"woocommerce_loop_add_to_cart_link_describedby_8026\" class=\"screen-reader-text\">\n\t\t\t<\/span>\n<a href=\"javascript:void(0)\" class=\"quick-view\" data-prod=\"8026\"><\/a><\/div><\/div><div class=\"wrapper-content-item\"><div class=\"cat_product\"><\/div><h2 class=\"woocommerce-loop-product_title\"><a href=\"https:\/\/sunmax.md\/ro\/cat\/sistem-solar-fotovoltaic-cu-invertor-de-3-kw\/\" title=\"Sistem solar fotovoltaic cu invertor LUXEON 3 kWt (Gel)\">Sistem solar fotovoltaic cu invertor LUXEON 3 kWt (Gel)<\/a><\/h2>\n<\/div><\/div><\/li>\n<li class=\"product type-product post-8023 status-publish instock product_tag-sistem-solar-fotovoltaic has-post-thumbnail shipping-taxable product-type-simple\">\n\t<div class=\"inner-item-product\"><div class=\"product-image\"><a href=\"https:\/\/sunmax.md\/ro\/cat\/sistem-solar-fotovoltaic-cu-invertor-hibrid-de-36-kw-2\/\" title=\"Sistem solar fotovoltaic cu invertor hibrid POW-MR 3,6 kWt (Gel)\" class=\"wp-post-image\"><img loading=\"lazy\" decoding=\"async\" width=\"380\" height=\"380\" src=\"https:\/\/sunmax.md\/wp-content\/uploads\/2023\/05\/3.6kwt-380x380.jpg\" class=\"attachment-woocommerce_thumbnail size-woocommerce_thumbnail\" alt=\"\" srcset=\"https:\/\/sunmax.md\/wp-content\/uploads\/2023\/05\/3.6kwt-380x380.jpg 380w, https:\/\/sunmax.md\/wp-content\/uploads\/2023\/05\/3.6kwt-300x300.jpg 300w, https:\/\/sunmax.md\/wp-content\/uploads\/2023\/05\/3.6kwt-150x150.jpg 150w, https:\/\/sunmax.md\/wp-content\/uploads\/2023\/05\/3.6kwt-768x768.jpg 768w, https:\/\/sunmax.md\/wp-content\/uploads\/2023\/05\/3.6kwt-600x600.jpg 600w, https:\/\/sunmax.md\/wp-content\/uploads\/2023\/05\/3.6kwt-100x100.jpg 100w, https:\/\/sunmax.md\/wp-content\/uploads\/2023\/05\/3.6kwt.jpg 800w\" sizes=\"auto, (max-width: 380px) 100vw, 380px\" \/><\/a><div class=\"box-hover\"><a href=\"https:\/\/sunmax.md\/ro\/cat\/sistem-solar-fotovoltaic-cu-invertor-hibrid-de-36-kw-2\/\" aria-describedby=\"woocommerce_loop_add_to_cart_link_describedby_8023\" data-quantity=\"1\" class=\"button product_type_simple\" data-product_id=\"8023\" data-product_sku=\"\" aria-label=\"Cite\u0219te mai multe despre &bdquo;Sistem solar fotovoltaic cu invertor hibrid POW-MR 3,6 kWt (Gel)&rdquo;\" rel=\"nofollow\" data-success_message=\"\">Cite\u0219te mai mult<\/a>\t<span id=\"woocommerce_loop_add_to_cart_link_describedby_8023\" class=\"screen-reader-text\">\n\t\t\t<\/span>\n<a href=\"javascript:void(0)\" class=\"quick-view\" data-prod=\"8023\"><\/a><\/div><\/div><div class=\"wrapper-content-item\"><div class=\"cat_product\"><\/div><h2 class=\"woocommerce-loop-product_title\"><a href=\"https:\/\/sunmax.md\/ro\/cat\/sistem-solar-fotovoltaic-cu-invertor-hibrid-de-36-kw-2\/\" title=\"Sistem solar fotovoltaic cu invertor hibrid POW-MR 3,6 kWt (Gel)\">Sistem solar fotovoltaic cu invertor hibrid POW-MR 3,6 kWt (Gel)<\/a><\/h2>\n<\/div><\/div><\/li>\n<li class=\"product type-product post-8019 status-publish last instock product_tag-sistem-solar-fotovoltaic-ro has-post-thumbnail shipping-taxable product-type-simple\">\n\t<div class=\"inner-item-product\"><div class=\"product-image\"><a href=\"https:\/\/sunmax.md\/ro\/cat\/sistem-solar-fotovoltaic-cu-invertor-hibrid-de-36-kw\/\" title=\"Sistem solar fotovoltaic cu invertor hibrid POW-MR 3,6 kWt (Gel)\" class=\"wp-post-image\"><img loading=\"lazy\" decoding=\"async\" width=\"380\" height=\"380\" src=\"https:\/\/sunmax.md\/wp-content\/uploads\/2023\/05\/3.6kwt-380x380.jpg\" class=\"attachment-woocommerce_thumbnail size-woocommerce_thumbnail\" alt=\"\" srcset=\"https:\/\/sunmax.md\/wp-content\/uploads\/2023\/05\/3.6kwt-380x380.jpg 380w, https:\/\/sunmax.md\/wp-content\/uploads\/2023\/05\/3.6kwt-300x300.jpg 300w, https:\/\/sunmax.md\/wp-content\/uploads\/2023\/05\/3.6kwt-150x150.jpg 150w, https:\/\/sunmax.md\/wp-content\/uploads\/2023\/05\/3.6kwt-768x768.jpg 768w, https:\/\/sunmax.md\/wp-content\/uploads\/2023\/05\/3.6kwt-600x600.jpg 600w, https:\/\/sunmax.md\/wp-content\/uploads\/2023\/05\/3.6kwt-100x100.jpg 100w, https:\/\/sunmax.md\/wp-content\/uploads\/2023\/05\/3.6kwt.jpg 800w\" sizes=\"auto, (max-width: 380px) 100vw, 380px\" \/><\/a><div class=\"box-hover\"><a href=\"https:\/\/sunmax.md\/ro\/cat\/sistem-solar-fotovoltaic-cu-invertor-hibrid-de-36-kw\/\" aria-describedby=\"woocommerce_loop_add_to_cart_link_describedby_8019\" data-quantity=\"1\" class=\"button product_type_simple\" data-product_id=\"8019\" data-product_sku=\"\" aria-label=\"Cite\u0219te mai multe despre &bdquo;Sistem solar fotovoltaic cu invertor hibrid POW-MR 3,6 kWt (Gel)&rdquo;\" rel=\"nofollow\" data-success_message=\"\">Cite\u0219te mai mult<\/a>\t<span id=\"woocommerce_loop_add_to_cart_link_describedby_8019\" class=\"screen-reader-text\">\n\t\t\t<\/span>\n<a href=\"javascript:void(0)\" class=\"quick-view\" data-prod=\"8019\"><\/a><\/div><\/div><div class=\"wrapper-content-item\"><div class=\"cat_product\"><\/div><h2 class=\"woocommerce-loop-product_title\"><a href=\"https:\/\/sunmax.md\/ro\/cat\/sistem-solar-fotovoltaic-cu-invertor-hibrid-de-36-kw\/\" title=\"Sistem solar fotovoltaic cu invertor hibrid POW-MR 3,6 kWt (Gel)\">Sistem solar fotovoltaic cu invertor hibrid POW-MR 3,6 kWt (Gel)<\/a><\/h2>\n<\/div><\/div><\/li>\n<li class=\"product type-product post-8017 status-publish first instock product_tag-sistem-solar-fotovoltaic-ro has-post-thumbnail shipping-taxable product-type-simple\">\n\t<div class=\"inner-item-product\"><div class=\"product-image\"><a href=\"https:\/\/sunmax.md\/ro\/cat\/sistem-solar-fotovoltaic-cu-invertor-hibrid-de-42-kw-2\/\" title=\"Sistem solar fotovoltaic cu invertor hibrid POW-MR 4,2 kWt (Gel)\" class=\"wp-post-image\"><img loading=\"lazy\" decoding=\"async\" width=\"380\" height=\"380\" src=\"https:\/\/sunmax.md\/wp-content\/uploads\/2023\/05\/4.2kwt-380x380.jpg\" class=\"attachment-woocommerce_thumbnail size-woocommerce_thumbnail\" alt=\"\" srcset=\"https:\/\/sunmax.md\/wp-content\/uploads\/2023\/05\/4.2kwt-380x380.jpg 380w, https:\/\/sunmax.md\/wp-content\/uploads\/2023\/05\/4.2kwt-300x300.jpg 300w, https:\/\/sunmax.md\/wp-content\/uploads\/2023\/05\/4.2kwt-150x150.jpg 150w, https:\/\/sunmax.md\/wp-content\/uploads\/2023\/05\/4.2kwt-768x768.jpg 768w, https:\/\/sunmax.md\/wp-content\/uploads\/2023\/05\/4.2kwt-600x600.jpg 600w, https:\/\/sunmax.md\/wp-content\/uploads\/2023\/05\/4.2kwt-100x100.jpg 100w, https:\/\/sunmax.md\/wp-content\/uploads\/2023\/05\/4.2kwt.jpg 800w\" sizes=\"auto, (max-width: 380px) 100vw, 380px\" \/><\/a><div class=\"box-hover\"><a href=\"https:\/\/sunmax.md\/ro\/cat\/sistem-solar-fotovoltaic-cu-invertor-hibrid-de-42-kw-2\/\" aria-describedby=\"woocommerce_loop_add_to_cart_link_describedby_8017\" data-quantity=\"1\" class=\"button product_type_simple\" data-product_id=\"8017\" data-product_sku=\"\" aria-label=\"Cite\u0219te mai multe despre &bdquo;Sistem solar fotovoltaic cu invertor hibrid POW-MR 4,2 kWt (Gel)&rdquo;\" rel=\"nofollow\" data-success_message=\"\">Cite\u0219te mai mult<\/a>\t<span id=\"woocommerce_loop_add_to_cart_link_describedby_8017\" class=\"screen-reader-text\">\n\t\t\t<\/span>\n<a href=\"javascript:void(0)\" class=\"quick-view\" data-prod=\"8017\"><\/a><\/div><\/div><div class=\"wrapper-content-item\"><div class=\"cat_product\"><\/div><h2 class=\"woocommerce-loop-product_title\"><a href=\"https:\/\/sunmax.md\/ro\/cat\/sistem-solar-fotovoltaic-cu-invertor-hibrid-de-42-kw-2\/\" title=\"Sistem solar fotovoltaic cu invertor hibrid POW-MR 4,2 kWt (Gel)\">Sistem solar fotovoltaic cu invertor hibrid POW-MR 4,2 kWt (Gel)<\/a><\/h2>\n<\/div><\/div><\/li>\n<li class=\"product type-product post-8013 status-publish instock product_cat-sisteme-kituri-fotovoltaice has-post-thumbnail shipping-taxable product-type-simple\">\n\t<div class=\"inner-item-product\"><div class=\"product-image\"><a href=\"https:\/\/sunmax.md\/ro\/cat\/sistem-solar-fotovoltaic-cu-invertor-hibrid-de-42-kw\/\" title=\"Sistem solar fotovoltaic cu invertor hibrid POW-MR 4,2 kWt (LiFePO4)\" class=\"wp-post-image\"><img loading=\"lazy\" decoding=\"async\" width=\"380\" height=\"380\" src=\"https:\/\/sunmax.md\/wp-content\/uploads\/2023\/05\/4.2kwt-380x380.jpg\" class=\"attachment-woocommerce_thumbnail size-woocommerce_thumbnail\" alt=\"\" srcset=\"https:\/\/sunmax.md\/wp-content\/uploads\/2023\/05\/4.2kwt-380x380.jpg 380w, https:\/\/sunmax.md\/wp-content\/uploads\/2023\/05\/4.2kwt-300x300.jpg 300w, https:\/\/sunmax.md\/wp-content\/uploads\/2023\/05\/4.2kwt-150x150.jpg 150w, https:\/\/sunmax.md\/wp-content\/uploads\/2023\/05\/4.2kwt-768x768.jpg 768w, https:\/\/sunmax.md\/wp-content\/uploads\/2023\/05\/4.2kwt-600x600.jpg 600w, https:\/\/sunmax.md\/wp-content\/uploads\/2023\/05\/4.2kwt-100x100.jpg 100w, https:\/\/sunmax.md\/wp-content\/uploads\/2023\/05\/4.2kwt.jpg 800w\" sizes=\"auto, (max-width: 380px) 100vw, 380px\" \/><\/a><div class=\"box-hover\"><a href=\"https:\/\/sunmax.md\/ro\/cat\/sistem-solar-fotovoltaic-cu-invertor-hibrid-de-42-kw\/\" aria-describedby=\"woocommerce_loop_add_to_cart_link_describedby_8013\" data-quantity=\"1\" class=\"button product_type_simple\" data-product_id=\"8013\" data-product_sku=\"\" aria-label=\"Cite\u0219te mai multe despre &bdquo;Sistem solar fotovoltaic cu invertor hibrid POW-MR 4,2 kWt (LiFePO4)&rdquo;\" rel=\"nofollow\" data-success_message=\"\">Cite\u0219te mai mult<\/a>\t<span id=\"woocommerce_loop_add_to_cart_link_describedby_8013\" class=\"screen-reader-text\">\n\t\t\t<\/span>\n<a href=\"javascript:void(0)\" class=\"quick-view\" data-prod=\"8013\"><\/a><\/div><\/div><div class=\"wrapper-content-item\"><div class=\"cat_product\"><\/div><h2 class=\"woocommerce-loop-product_title\"><a href=\"https:\/\/sunmax.md\/ro\/cat\/sistem-solar-fotovoltaic-cu-invertor-hibrid-de-42-kw\/\" title=\"Sistem solar fotovoltaic cu invertor hibrid POW-MR 4,2 kWt (LiFePO4)\">Sistem solar fotovoltaic cu invertor hibrid POW-MR 4,2 kWt (LiFePO4)<\/a><\/h2>\n<\/div><\/div><\/li>\n<li class=\"product type-product post-8011 status-publish last instock product_cat-sisteme-kituri-fotovoltaice has-post-thumbnail shipping-taxable product-type-grouped\">\n\t<div class=\"inner-item-product\"><div class=\"product-image\"><a href=\"https:\/\/sunmax.md\/ro\/cat\/sistem-solar-fotovoltaic-cu-invertor-all-in-one-de-55-kw-2\/\" title=\"Sistem solar fotovoltaic cu invertor VMPLUS 5,5 kWt (Gel)\" class=\"wp-post-image\"><img loading=\"lazy\" decoding=\"async\" width=\"380\" height=\"380\" src=\"https:\/\/sunmax.md\/wp-content\/uploads\/2023\/05\/5.5kwt-380x380.jpg\" class=\"attachment-woocommerce_thumbnail size-woocommerce_thumbnail\" alt=\"\" srcset=\"https:\/\/sunmax.md\/wp-content\/uploads\/2023\/05\/5.5kwt-380x380.jpg 380w, https:\/\/sunmax.md\/wp-content\/uploads\/2023\/05\/5.5kwt-300x300.jpg 300w, https:\/\/sunmax.md\/wp-content\/uploads\/2023\/05\/5.5kwt-150x150.jpg 150w, https:\/\/sunmax.md\/wp-content\/uploads\/2023\/05\/5.5kwt-768x768.jpg 768w, https:\/\/sunmax.md\/wp-content\/uploads\/2023\/05\/5.5kwt-600x600.jpg 600w, https:\/\/sunmax.md\/wp-content\/uploads\/2023\/05\/5.5kwt-100x100.jpg 100w, https:\/\/sunmax.md\/wp-content\/uploads\/2023\/05\/5.5kwt.jpg 800w\" sizes=\"auto, (max-width: 380px) 100vw, 380px\" \/><\/a><div class=\"box-hover\"><a href=\"https:\/\/sunmax.md\/ro\/cat\/sistem-solar-fotovoltaic-cu-invertor-all-in-one-de-55-kw-2\/\" aria-describedby=\"woocommerce_loop_add_to_cart_link_describedby_8011\" data-quantity=\"1\" class=\"button product_type_grouped\" data-product_id=\"8011\" data-product_sku=\"\" aria-label=\"Vezi produsele din grupul &bdquo;Sistem solar fotovoltaic cu invertor VMPLUS 5,5 kWt (Gel)&rdquo;\" rel=\"nofollow\">Vezi produsele<\/a>\t<span id=\"woocommerce_loop_add_to_cart_link_describedby_8011\" class=\"screen-reader-text\">\n\t\t\t<\/span>\n<a href=\"javascript:void(0)\" class=\"quick-view\" data-prod=\"8011\"><\/a><\/div><\/div><div class=\"wrapper-content-item\"><div class=\"cat_product\"><\/div><h2 class=\"woocommerce-loop-product_title\"><a href=\"https:\/\/sunmax.md\/ro\/cat\/sistem-solar-fotovoltaic-cu-invertor-all-in-one-de-55-kw-2\/\" title=\"Sistem solar fotovoltaic cu invertor VMPLUS 5,5 kWt (Gel)\">Sistem solar fotovoltaic cu invertor VMPLUS 5,5 kWt (Gel)<\/a><\/h2>\n<\/div><\/div><\/li>\n<\/ul>\n<\/div>[vc_btn title=&#8221;vezi pe toate&#8221; color=&#8221;warning&#8221; size=&#8221;lg&#8221; align=&#8221;center&#8221; link=&#8221;url:https%3A%2F%2Fsunmax.md%2Fro%2Fproduct-cat%2Fsisteme-kituri-fotovoltaice%2F&#8221;][vc_empty_space height=&#8221;50px&#8221;][\/vc_column][\/vc_row][vc_row full_width=&#8221;stretch_row&#8221; css=&#8221;.vc_custom_1685635080726{padding-top: 50px !important;padding-bottom: 100px !important;background-color: #e4e4e5 !important;}&#8221; el_class=&#8221;style-contact-h2&#8243; bp_css_tablet=&#8221;.vc_custom_1685635080726{padding-top: 30px !important;padding-bottom: 60px !important;}&#8221; bp_css_mobile=&#8221;.vc_custom_1685635080727{padding-top: 30px !important;padding-bottom: 60px !important;}&#8221;][vc_column][vc_custom_heading text=&#8221;Invit\u0103m electricieni \u0219i instalatori \u00eenalt califica\u021bi s\u0103 coopereze.&#8221; font_container=&#8221;tag:h3|text_align:center&#8221; use_theme_fonts=&#8221;yes&#8221; el_class=&#8221;special-heading&#8221;]\n<div class=\"wpcf7 no-js\" id=\"wpcf7-f6648-o1\" lang=\"en-US\" dir=\"ltr\" data-wpcf7-id=\"6648\">\n<div class=\"screen-reader-response\"><p role=\"status\" aria-live=\"polite\" aria-atomic=\"true\"><\/p> <ul><\/ul><\/div>\n<form action=\"\/ro\/wp-json\/wp\/v2\/pages\/8235#wpcf7-f6648-o1\" method=\"post\" class=\"wpcf7-form init\" aria-label=\"Contact form\" novalidate=\"novalidate\" data-status=\"init\">\n<div style=\"display: none;\">\n<input type=\"hidden\" name=\"_wpcf7\" value=\"6648\" \/>\n<input type=\"hidden\" name=\"_wpcf7_version\" value=\"6.0.3\" \/>\n<input type=\"hidden\" name=\"_wpcf7_locale\" value=\"en_US\" \/>\n<input type=\"hidden\" name=\"_wpcf7_unit_tag\" value=\"wpcf7-f6648-o1\" \/>\n<input type=\"hidden\" name=\"_wpcf7_container_post\" value=\"0\" \/>\n<input type=\"hidden\" name=\"_wpcf7_posted_data_hash\" value=\"\" \/>\n<\/div>\n<div class=\"row\">\n\t<div class=\"col-sm-6\">\n\t\t<p><span class=\"wpcf7-form-control-wrap\" data-name=\"first-name\"><input size=\"40\" maxlength=\"400\" class=\"wpcf7-form-control wpcf7-text\" aria-invalid=\"false\" placeholder=\"\u0418\u043c\u044f\" value=\"\" type=\"text\" name=\"first-name\" \/><\/span>\n\t\t<\/p>\n\t<\/div>\n\t<div class=\"col-sm-6\">\n\t\t<p><span class=\"wpcf7-form-control-wrap\" data-name=\"your-phone\"><input size=\"40\" maxlength=\"400\" class=\"wpcf7-form-control wpcf7-tel wpcf7-text wpcf7-validates-as-tel\" aria-invalid=\"false\" placeholder=\"\u0422\u0435\u043b\u0435\u0444\u043e\u043d\" value=\"\" type=\"tel\" name=\"your-phone\" \/><\/span>\n\t\t<\/p>\n\t<\/div>\n<\/div>\n<div class=\"row\">\n\t<div class=\"col-sm-12\">\n\t\t<p><span class=\"wpcf7-form-control-wrap\" data-name=\"your-message\"><textarea cols=\"40\" rows=\"10\" maxlength=\"2000\" class=\"wpcf7-form-control wpcf7-textarea\" aria-invalid=\"false\" placeholder=\"\u041a\u043e\u043c\u043c\u0435\u043d\u0442\u0430\u0440\u0438\u0439...\" name=\"your-message\"><\/textarea><\/span>\n\t\t<\/p>\n\t<\/div>\n<\/div>\n<div class=\"row\">\n\t<div class=\"col-sm-12 text-center\">\n\t\t<p><input class=\"wpcf7-form-control wpcf7-submit has-spinner\" type=\"submit\" value=\"\u041e\u0422\u041f\u0420\u0410\u0412\u0418\u0422\u042c\" \/>\n\t\t<\/p>\n\t<\/div>\n<\/div><div class=\"wpcf7-response-output\" aria-hidden=\"true\"><\/div>\n<\/form>\n<\/div>\n[\/vc_column][\/vc_row]<\/p>\n<\/div>","protected":false},"excerpt":{"rendered":"<p>[vc_row][vc_column][vc_custom_heading text=&#8221;Principiile \u0219i priorit\u0103\u021bile SunMax&#8221; font_container=&#8221;tag:h2|text_align:center&#8221; use_theme_fonts=&#8221;yes&#8221;][vc_empty_space height=&#8221;20px&#8221;][vc_column_text]Compania SunMax se specializeaz\u0103 \u00een v\u00e2nzarea, instalarea \u0219i \u00eentre\u021binerea diferitelor tipuri de sisteme<\/p>\n","protected":false},"author":1,"featured_media":0,"parent":0,"menu_order":0,"comment_status":"closed","ping_status":"closed","template":"","meta":{"footnotes":""},"class_list":["post-8235","page","type-page","status-publish","hentry"],"aioseo_notices":[],"_links":{"self":[{"href":"https:\/\/sunmax.md\/ro\/wp-json\/wp\/v2\/pages\/8235","targetHints":{"allow":["GET"]}}],"collection":[{"href":"https:\/\/sunmax.md\/ro\/wp-json\/wp\/v2\/pages"}],"about":[{"href":"https:\/\/sunmax.md\/ro\/wp-json\/wp\/v2\/types\/page"}],"author":[{"embeddable":true,"href":"https:\/\/sunmax.md\/ro\/wp-json\/wp\/v2\/users\/1"}],"replies":[{"embeddable":true,"href":"https:\/\/sunmax.md\/ro\/wp-json\/wp\/v2\/comments?post=8235"}],"version-history":[{"count":6,"href":"https:\/\/sunmax.md\/ro\/wp-json\/wp\/v2\/pages\/8235\/revisions"}],"predecessor-version":[{"id":8298,"href":"https:\/\/sunmax.md\/ro\/wp-json\/wp\/v2\/pages\/8235\/revisions\/8298"}],"wp:attachment":[{"href":"https:\/\/sunmax.md\/ro\/wp-json\/wp\/v2\/media?parent=8235"}],"curies":[{"name":"wp","href":"https:\/\/api.w.org\/{rel}","templated":true}]}}