{"id":8243,"date":"2019-04-23T04:12:39","date_gmt":"2019-04-23T02:12:39","guid":{"rendered":"https:\/\/sunmax.md\/?page_id=8243"},"modified":"2023-06-02T08:14:03","modified_gmt":"2023-06-02T06:14:03","slug":"sisteme-kituri-fotovoltaive","status":"publish","type":"page","link":"https:\/\/sunmax.md\/ro\/sisteme-kituri-fotovoltaive\/","title":{"rendered":"Sisteme \/ kituri fotovoltaice"},"content":{"rendered":"<div class=\"wpb-content-wrapper\"><p>[vc_row css=&#8221;.vc_custom_1556095448849{padding-top: 80px !important;}&#8221; bp_css_tablet=&#8221;.vc_custom_1556095448850{padding-top: 60px !important;}&#8221; bp_css_mobile=&#8221;.vc_custom_1556095448851{padding-top: 35px !important;}&#8221;][vc_column width=&#8221;1\/3&#8243;]<div class=\"banner-section\"><div class=\"banner-layout-3 text_center\"><div class=\"wrap-image\"><a href=\"#\" class=\"bg-image\"><img decoding=\"async\" src=\"https:\/\/sunmax.md\/wp-content\/uploads\/2022\/11\/banner-1-1.png\" alt=\"Banner Html\"><\/a><\/div><div class=\"info\"><p class=\"text-1\" style=\" color:#6c6c6c\"><span class=\"text-number\">1.<\/span>Schema On-grid<\/p><p class=\"text-2\" style=\"color:#6c6c6c\">Schema de conectare On-Grid este cea mai comun\u0103 tipologie de sistem utilizat\u0103, cunoscut\u0103 \u0219i sub denumirea de sistem solar conectat la re\u021bea sau panou solar conectat la re\u021bea. Sistemul Off-Grid este conectat la re\u021bea, \u00eens\u0103 nu are baterii conectate la el.<\/p><\/div><\/div><\/div>[\/vc_column][vc_column width=&#8221;1\/3&#8243;]<div class=\"banner-section\"><div class=\"banner-layout-3 text_center\"><div class=\"wrap-image\"><a href=\"#\" class=\"bg-image\"><img decoding=\"async\" src=\"https:\/\/sunmax.md\/wp-content\/uploads\/2022\/11\/banner-2-1.png\" alt=\"Banner Html\"><\/a><\/div><div class=\"info\"><p class=\"text-1\" style=\" color:#6c6c6c\"><span class=\"text-number\">2.<\/span>Schema Off-grid<\/p><p class=\"text-2\" style=\"color:#6c6c6c\">Acest tip de sistem este ideal pentru cei care nu pot fi conecta\u021bi la re\u021beaua public\u0103 sau locuiesc \u00een zone izolate. Sistemul solar autonom Off-Grid este similar cu sistemul On-Grid, cu excep\u021bia unor componente suplimentare.<\/p><\/div><\/div><\/div>[\/vc_column][vc_column width=&#8221;1\/3&#8243;]<div class=\"banner-section\"><div class=\"banner-layout-3 text_center\"><div class=\"wrap-image\"><a href=\"#\" class=\"bg-image\"><img decoding=\"async\" src=\"https:\/\/sunmax.md\/wp-content\/uploads\/2022\/11\/banner-3-1.png\" alt=\"Banner Html\"><\/a><\/div><div class=\"info\"><p class=\"text-1\" style=\" color:#6c6c6c\"><span class=\"text-number\">3.<\/span>Schema Hybrid<\/p><p class=\"text-2\" style=\"color:#6c6c6c\">Sistemul hibrid reprezint\u0103 o sistem\u0103 solar\u0103 conectat\u0103 la re\u021bea, \u00eenso\u021bit\u0103 de o baterie. Acesta func\u021bioneaz\u0103 similar cu sistemul solar On-Grid. Cu toate acestea, utilizeaz\u0103 baterii pentru stocarea energiei pentru a fi utilizat\u0103 ulterior \u00een perioadele de cerere maxim\u0103 de energie electric\u0103 sau \u00een cazul unei produc\u021bii mai sc\u0103zute din cauza cantit\u0103\u021bii reduse de lumin\u0103 solar\u0103.<\/p><\/div><\/div><\/div>[\/vc_column][\/vc_row][vc_row css=&#8221;.vc_custom_1685624779920{margin-top: 0px !important;}&#8221;][vc_column][vc_column_text]<\/p>\n<h2 style=\"text-align: center;\">Sisteme \/ kituri fotovoltaice<\/h2>\n<p>[\/vc_column_text][vc_empty_space height=&#8221;50px&#8221;]<div class=\"woocommerce columns-3 \"><ul class=\"products columns-3\">\n<li class=\"product type-product post-8026 status-publish first instock product_cat-sisteme-kituri-fotovoltaice has-post-thumbnail shipping-taxable product-type-simple\">\n\t<div class=\"inner-item-product\"><div class=\"product-image\"><a href=\"https:\/\/sunmax.md\/ro\/cat\/sistem-solar-fotovoltaic-cu-invertor-de-3-kw\/\" title=\"Sistem solar fotovoltaic cu invertor LUXEON 3 kWt (Gel)\" class=\"wp-post-image\"><img loading=\"lazy\" decoding=\"async\" width=\"380\" height=\"380\" src=\"https:\/\/sunmax.md\/wp-content\/uploads\/2023\/05\/3kwt-380x380.jpg\" class=\"attachment-woocommerce_thumbnail size-woocommerce_thumbnail\" alt=\"\" srcset=\"https:\/\/sunmax.md\/wp-content\/uploads\/2023\/05\/3kwt-380x380.jpg 380w, https:\/\/sunmax.md\/wp-content\/uploads\/2023\/05\/3kwt-300x300.jpg 300w, https:\/\/sunmax.md\/wp-content\/uploads\/2023\/05\/3kwt-150x150.jpg 150w, https:\/\/sunmax.md\/wp-content\/uploads\/2023\/05\/3kwt-768x768.jpg 768w, https:\/\/sunmax.md\/wp-content\/uploads\/2023\/05\/3kwt-600x600.jpg 600w, https:\/\/sunmax.md\/wp-content\/uploads\/2023\/05\/3kwt-100x100.jpg 100w, https:\/\/sunmax.md\/wp-content\/uploads\/2023\/05\/3kwt.jpg 800w\" sizes=\"auto, (max-width: 380px) 100vw, 380px\" \/><\/a><div class=\"box-hover\"><a href=\"https:\/\/sunmax.md\/ro\/cat\/sistem-solar-fotovoltaic-cu-invertor-de-3-kw\/\" aria-describedby=\"woocommerce_loop_add_to_cart_link_describedby_8026\" data-quantity=\"1\" class=\"button product_type_simple\" data-product_id=\"8026\" data-product_sku=\"\" aria-label=\"Cite\u0219te mai multe despre &bdquo;Sistem solar fotovoltaic cu invertor LUXEON 3 kWt (Gel)&rdquo;\" rel=\"nofollow\" data-success_message=\"\">Cite\u0219te mai mult<\/a>\t<span id=\"woocommerce_loop_add_to_cart_link_describedby_8026\" class=\"screen-reader-text\">\n\t\t\t<\/span>\n<a href=\"javascript:void(0)\" class=\"quick-view\" data-prod=\"8026\"><\/a><\/div><\/div><div class=\"wrapper-content-item\"><div class=\"cat_product\"><\/div><h2 class=\"woocommerce-loop-product_title\"><a href=\"https:\/\/sunmax.md\/ro\/cat\/sistem-solar-fotovoltaic-cu-invertor-de-3-kw\/\" title=\"Sistem solar fotovoltaic cu invertor LUXEON 3 kWt (Gel)\">Sistem solar fotovoltaic cu invertor LUXEON 3 kWt (Gel)<\/a><\/h2>\n<\/div><\/div><\/li>\n<li class=\"product type-product post-8023 status-publish instock has-post-thumbnail shipping-taxable product-type-grouped\">\n\t<div class=\"inner-item-product\"><div class=\"product-image\"><a href=\"https:\/\/sunmax.md\/ro\/cat\/sistem-solar-fotovoltaic-cu-invertor-hibrid-de-36-kw-2\/\" title=\"Sistem solar fotovoltaic cu invertor hibrid POW-MR 3,6 kWt (Gel)\" class=\"wp-post-image\"><img loading=\"lazy\" decoding=\"async\" width=\"380\" height=\"380\" src=\"https:\/\/sunmax.md\/wp-content\/uploads\/2023\/05\/3.6kwt-380x380.jpg\" class=\"attachment-woocommerce_thumbnail size-woocommerce_thumbnail\" alt=\"\" srcset=\"https:\/\/sunmax.md\/wp-content\/uploads\/2023\/05\/3.6kwt-380x380.jpg 380w, https:\/\/sunmax.md\/wp-content\/uploads\/2023\/05\/3.6kwt-300x300.jpg 300w, https:\/\/sunmax.md\/wp-content\/uploads\/2023\/05\/3.6kwt-150x150.jpg 150w, https:\/\/sunmax.md\/wp-content\/uploads\/2023\/05\/3.6kwt-768x768.jpg 768w, https:\/\/sunmax.md\/wp-content\/uploads\/2023\/05\/3.6kwt-600x600.jpg 600w, https:\/\/sunmax.md\/wp-content\/uploads\/2023\/05\/3.6kwt-100x100.jpg 100w, https:\/\/sunmax.md\/wp-content\/uploads\/2023\/05\/3.6kwt.jpg 800w\" sizes=\"auto, (max-width: 380px) 100vw, 380px\" \/><\/a><div class=\"box-hover\"><a href=\"https:\/\/sunmax.md\/ro\/cat\/sistem-solar-fotovoltaic-cu-invertor-hibrid-de-36-kw-2\/\" aria-describedby=\"woocommerce_loop_add_to_cart_link_describedby_8023\" data-quantity=\"1\" class=\"button product_type_grouped\" data-product_id=\"8023\" data-product_sku=\"\" aria-label=\"Vezi produsele din grupul &bdquo;Sistem solar fotovoltaic cu invertor hibrid POW-MR 3,6 kWt (Gel)&rdquo;\" rel=\"nofollow\">Vezi produsele<\/a>\t<span id=\"woocommerce_loop_add_to_cart_link_describedby_8023\" class=\"screen-reader-text\">\n\t\t\t<\/span>\n<a href=\"javascript:void(0)\" class=\"quick-view\" data-prod=\"8023\"><\/a><\/div><\/div><div class=\"wrapper-content-item\"><div class=\"cat_product\"><\/div><h2 class=\"woocommerce-loop-product_title\"><a href=\"https:\/\/sunmax.md\/ro\/cat\/sistem-solar-fotovoltaic-cu-invertor-hibrid-de-36-kw-2\/\" title=\"Sistem solar fotovoltaic cu invertor hibrid POW-MR 3,6 kWt (Gel)\">Sistem solar fotovoltaic cu invertor hibrid POW-MR 3,6 kWt (Gel)<\/a><\/h2>\n<\/div><\/div><\/li>\n<li class=\"product type-product post-8019 status-publish last instock has-post-thumbnail shipping-taxable product-type-grouped\">\n\t<div class=\"inner-item-product\"><div class=\"product-image\"><a href=\"https:\/\/sunmax.md\/ro\/cat\/sistem-solar-fotovoltaic-cu-invertor-hibrid-de-36-kw\/\" title=\"Sistem solar fotovoltaic cu invertor hibrid POW-MR 3,6 kWt (Gel)\" class=\"wp-post-image\"><img loading=\"lazy\" decoding=\"async\" width=\"380\" height=\"380\" src=\"https:\/\/sunmax.md\/wp-content\/uploads\/2023\/05\/3.6kwt-380x380.jpg\" class=\"attachment-woocommerce_thumbnail size-woocommerce_thumbnail\" alt=\"\" srcset=\"https:\/\/sunmax.md\/wp-content\/uploads\/2023\/05\/3.6kwt-380x380.jpg 380w, https:\/\/sunmax.md\/wp-content\/uploads\/2023\/05\/3.6kwt-300x300.jpg 300w, https:\/\/sunmax.md\/wp-content\/uploads\/2023\/05\/3.6kwt-150x150.jpg 150w, https:\/\/sunmax.md\/wp-content\/uploads\/2023\/05\/3.6kwt-768x768.jpg 768w, https:\/\/sunmax.md\/wp-content\/uploads\/2023\/05\/3.6kwt-600x600.jpg 600w, https:\/\/sunmax.md\/wp-content\/uploads\/2023\/05\/3.6kwt-100x100.jpg 100w, https:\/\/sunmax.md\/wp-content\/uploads\/2023\/05\/3.6kwt.jpg 800w\" sizes=\"auto, (max-width: 380px) 100vw, 380px\" \/><\/a><div class=\"box-hover\"><a href=\"https:\/\/sunmax.md\/ro\/cat\/sistem-solar-fotovoltaic-cu-invertor-hibrid-de-36-kw\/\" aria-describedby=\"woocommerce_loop_add_to_cart_link_describedby_8019\" data-quantity=\"1\" class=\"button product_type_grouped\" data-product_id=\"8019\" data-product_sku=\"\" aria-label=\"Vezi produsele din grupul &bdquo;Sistem solar fotovoltaic cu invertor hibrid POW-MR 3,6 kWt (Gel)&rdquo;\" rel=\"nofollow\">Vezi produsele<\/a>\t<span id=\"woocommerce_loop_add_to_cart_link_describedby_8019\" class=\"screen-reader-text\">\n\t\t\t<\/span>\n<a href=\"javascript:void(0)\" class=\"quick-view\" data-prod=\"8019\"><\/a><\/div><\/div><div class=\"wrapper-content-item\"><div class=\"cat_product\"><\/div><h2 class=\"woocommerce-loop-product_title\"><a href=\"https:\/\/sunmax.md\/ro\/cat\/sistem-solar-fotovoltaic-cu-invertor-hibrid-de-36-kw\/\" title=\"Sistem solar fotovoltaic cu invertor hibrid POW-MR 3,6 kWt (Gel)\">Sistem solar fotovoltaic cu invertor hibrid POW-MR 3,6 kWt (Gel)<\/a><\/h2>\n<\/div><\/div><\/li>\n<li class=\"product type-product post-8017 status-publish first instock product_tag-sistem-solar-fotovoltaic has-post-thumbnail shipping-taxable product-type-simple\">\n\t<div class=\"inner-item-product\"><div class=\"product-image\"><a href=\"https:\/\/sunmax.md\/ro\/cat\/sistem-solar-fotovoltaic-cu-invertor-hibrid-de-42-kw-2\/\" title=\"Sistem solar fotovoltaic cu invertor hibrid POW-MR 4,2 kWt (Gel)\" class=\"wp-post-image\"><img loading=\"lazy\" decoding=\"async\" width=\"380\" height=\"380\" src=\"https:\/\/sunmax.md\/wp-content\/uploads\/2023\/05\/4.2kwt-380x380.jpg\" class=\"attachment-woocommerce_thumbnail size-woocommerce_thumbnail\" alt=\"\" srcset=\"https:\/\/sunmax.md\/wp-content\/uploads\/2023\/05\/4.2kwt-380x380.jpg 380w, https:\/\/sunmax.md\/wp-content\/uploads\/2023\/05\/4.2kwt-300x300.jpg 300w, https:\/\/sunmax.md\/wp-content\/uploads\/2023\/05\/4.2kwt-150x150.jpg 150w, https:\/\/sunmax.md\/wp-content\/uploads\/2023\/05\/4.2kwt-768x768.jpg 768w, https:\/\/sunmax.md\/wp-content\/uploads\/2023\/05\/4.2kwt-600x600.jpg 600w, https:\/\/sunmax.md\/wp-content\/uploads\/2023\/05\/4.2kwt-100x100.jpg 100w, https:\/\/sunmax.md\/wp-content\/uploads\/2023\/05\/4.2kwt.jpg 800w\" sizes=\"auto, (max-width: 380px) 100vw, 380px\" \/><\/a><div class=\"box-hover\"><a href=\"https:\/\/sunmax.md\/ro\/cat\/sistem-solar-fotovoltaic-cu-invertor-hibrid-de-42-kw-2\/\" aria-describedby=\"woocommerce_loop_add_to_cart_link_describedby_8017\" data-quantity=\"1\" class=\"button product_type_simple\" data-product_id=\"8017\" data-product_sku=\"\" aria-label=\"Cite\u0219te mai multe despre &bdquo;Sistem solar fotovoltaic cu invertor hibrid POW-MR 4,2 kWt (Gel)&rdquo;\" rel=\"nofollow\" data-success_message=\"\">Cite\u0219te mai mult<\/a>\t<span id=\"woocommerce_loop_add_to_cart_link_describedby_8017\" class=\"screen-reader-text\">\n\t\t\t<\/span>\n<a href=\"javascript:void(0)\" class=\"quick-view\" data-prod=\"8017\"><\/a><\/div><\/div><div class=\"wrapper-content-item\"><div class=\"cat_product\"><\/div><h2 class=\"woocommerce-loop-product_title\"><a href=\"https:\/\/sunmax.md\/ro\/cat\/sistem-solar-fotovoltaic-cu-invertor-hibrid-de-42-kw-2\/\" title=\"Sistem solar fotovoltaic cu invertor hibrid POW-MR 4,2 kWt (Gel)\">Sistem solar fotovoltaic cu invertor hibrid POW-MR 4,2 kWt (Gel)<\/a><\/h2>\n<\/div><\/div><\/li>\n<li class=\"product type-product post-8013 status-publish instock product_tag-sistem-solar-fotovoltaic has-post-thumbnail shipping-taxable product-type-simple\">\n\t<div class=\"inner-item-product\"><div class=\"product-image\"><a href=\"https:\/\/sunmax.md\/ro\/cat\/sistem-solar-fotovoltaic-cu-invertor-hibrid-de-42-kw\/\" title=\"Sistem solar fotovoltaic cu invertor hibrid POW-MR 4,2 kWt (LiFePO4)\" class=\"wp-post-image\"><img loading=\"lazy\" decoding=\"async\" width=\"380\" height=\"380\" src=\"https:\/\/sunmax.md\/wp-content\/uploads\/2023\/05\/4.2kwt-380x380.jpg\" class=\"attachment-woocommerce_thumbnail size-woocommerce_thumbnail\" alt=\"\" srcset=\"https:\/\/sunmax.md\/wp-content\/uploads\/2023\/05\/4.2kwt-380x380.jpg 380w, https:\/\/sunmax.md\/wp-content\/uploads\/2023\/05\/4.2kwt-300x300.jpg 300w, https:\/\/sunmax.md\/wp-content\/uploads\/2023\/05\/4.2kwt-150x150.jpg 150w, https:\/\/sunmax.md\/wp-content\/uploads\/2023\/05\/4.2kwt-768x768.jpg 768w, https:\/\/sunmax.md\/wp-content\/uploads\/2023\/05\/4.2kwt-600x600.jpg 600w, https:\/\/sunmax.md\/wp-content\/uploads\/2023\/05\/4.2kwt-100x100.jpg 100w, https:\/\/sunmax.md\/wp-content\/uploads\/2023\/05\/4.2kwt.jpg 800w\" sizes=\"auto, (max-width: 380px) 100vw, 380px\" \/><\/a><div class=\"box-hover\"><a href=\"https:\/\/sunmax.md\/ro\/cat\/sistem-solar-fotovoltaic-cu-invertor-hibrid-de-42-kw\/\" aria-describedby=\"woocommerce_loop_add_to_cart_link_describedby_8013\" data-quantity=\"1\" class=\"button product_type_simple\" data-product_id=\"8013\" data-product_sku=\"\" aria-label=\"Cite\u0219te mai multe despre &bdquo;Sistem solar fotovoltaic cu invertor hibrid POW-MR 4,2 kWt (LiFePO4)&rdquo;\" rel=\"nofollow\" data-success_message=\"\">Cite\u0219te mai mult<\/a>\t<span id=\"woocommerce_loop_add_to_cart_link_describedby_8013\" class=\"screen-reader-text\">\n\t\t\t<\/span>\n<a href=\"javascript:void(0)\" class=\"quick-view\" data-prod=\"8013\"><\/a><\/div><\/div><div class=\"wrapper-content-item\"><div class=\"cat_product\"><\/div><h2 class=\"woocommerce-loop-product_title\"><a href=\"https:\/\/sunmax.md\/ro\/cat\/sistem-solar-fotovoltaic-cu-invertor-hibrid-de-42-kw\/\" title=\"Sistem solar fotovoltaic cu invertor hibrid POW-MR 4,2 kWt (LiFePO4)\">Sistem solar fotovoltaic cu invertor hibrid POW-MR 4,2 kWt (LiFePO4)<\/a><\/h2>\n<\/div><\/div><\/li>\n<li class=\"product type-product post-8011 status-publish last instock product_tag-sistem-solar-fotovoltaic-ro has-post-thumbnail shipping-taxable product-type-simple\">\n\t<div class=\"inner-item-product\"><div class=\"product-image\"><a href=\"https:\/\/sunmax.md\/ro\/cat\/sistem-solar-fotovoltaic-cu-invertor-all-in-one-de-55-kw-2\/\" title=\"Sistem solar fotovoltaic cu invertor VMPLUS 5,5 kWt (Gel)\" class=\"wp-post-image\"><img loading=\"lazy\" decoding=\"async\" width=\"380\" height=\"380\" src=\"https:\/\/sunmax.md\/wp-content\/uploads\/2023\/05\/5.5kwt-380x380.jpg\" class=\"attachment-woocommerce_thumbnail size-woocommerce_thumbnail\" alt=\"\" srcset=\"https:\/\/sunmax.md\/wp-content\/uploads\/2023\/05\/5.5kwt-380x380.jpg 380w, https:\/\/sunmax.md\/wp-content\/uploads\/2023\/05\/5.5kwt-300x300.jpg 300w, https:\/\/sunmax.md\/wp-content\/uploads\/2023\/05\/5.5kwt-150x150.jpg 150w, https:\/\/sunmax.md\/wp-content\/uploads\/2023\/05\/5.5kwt-768x768.jpg 768w, https:\/\/sunmax.md\/wp-content\/uploads\/2023\/05\/5.5kwt-600x600.jpg 600w, https:\/\/sunmax.md\/wp-content\/uploads\/2023\/05\/5.5kwt-100x100.jpg 100w, https:\/\/sunmax.md\/wp-content\/uploads\/2023\/05\/5.5kwt.jpg 800w\" sizes=\"auto, (max-width: 380px) 100vw, 380px\" \/><\/a><div class=\"box-hover\"><a href=\"https:\/\/sunmax.md\/ro\/cat\/sistem-solar-fotovoltaic-cu-invertor-all-in-one-de-55-kw-2\/\" aria-describedby=\"woocommerce_loop_add_to_cart_link_describedby_8011\" data-quantity=\"1\" class=\"button product_type_simple\" data-product_id=\"8011\" data-product_sku=\"\" aria-label=\"Cite\u0219te mai multe despre &bdquo;Sistem solar fotovoltaic cu invertor VMPLUS 5,5 kWt (Gel)&rdquo;\" rel=\"nofollow\" data-success_message=\"\">Cite\u0219te mai mult<\/a>\t<span id=\"woocommerce_loop_add_to_cart_link_describedby_8011\" class=\"screen-reader-text\">\n\t\t\t<\/span>\n<a href=\"javascript:void(0)\" class=\"quick-view\" data-prod=\"8011\"><\/a><\/div><\/div><div class=\"wrapper-content-item\"><div class=\"cat_product\"><\/div><h2 class=\"woocommerce-loop-product_title\"><a href=\"https:\/\/sunmax.md\/ro\/cat\/sistem-solar-fotovoltaic-cu-invertor-all-in-one-de-55-kw-2\/\" title=\"Sistem solar fotovoltaic cu invertor VMPLUS 5,5 kWt (Gel)\">Sistem solar fotovoltaic cu invertor VMPLUS 5,5 kWt (Gel)<\/a><\/h2>\n<\/div><\/div><\/li>\n<li class=\"product type-product post-8009 status-publish first instock product_tag-sistem-solar-fotovoltaic-ro has-post-thumbnail shipping-taxable product-type-simple\">\n\t<div class=\"inner-item-product\"><div class=\"product-image\"><a href=\"https:\/\/sunmax.md\/ro\/cat\/sistem-solar-fotovoltaic-cu-invertor-all-in-one-de-55-kw\/\" title=\"Sistem solar fotovoltaic cu invertor VMPLUS 5,5 kWt (LiFePO4)\" class=\"wp-post-image\"><img loading=\"lazy\" decoding=\"async\" width=\"380\" height=\"380\" src=\"https:\/\/sunmax.md\/wp-content\/uploads\/2023\/05\/5.5kwt-380x380.jpg\" class=\"attachment-woocommerce_thumbnail size-woocommerce_thumbnail\" alt=\"\" srcset=\"https:\/\/sunmax.md\/wp-content\/uploads\/2023\/05\/5.5kwt-380x380.jpg 380w, https:\/\/sunmax.md\/wp-content\/uploads\/2023\/05\/5.5kwt-300x300.jpg 300w, https:\/\/sunmax.md\/wp-content\/uploads\/2023\/05\/5.5kwt-150x150.jpg 150w, https:\/\/sunmax.md\/wp-content\/uploads\/2023\/05\/5.5kwt-768x768.jpg 768w, https:\/\/sunmax.md\/wp-content\/uploads\/2023\/05\/5.5kwt-600x600.jpg 600w, https:\/\/sunmax.md\/wp-content\/uploads\/2023\/05\/5.5kwt-100x100.jpg 100w, https:\/\/sunmax.md\/wp-content\/uploads\/2023\/05\/5.5kwt.jpg 800w\" sizes=\"auto, (max-width: 380px) 100vw, 380px\" \/><\/a><div class=\"box-hover\"><a href=\"https:\/\/sunmax.md\/ro\/cat\/sistem-solar-fotovoltaic-cu-invertor-all-in-one-de-55-kw\/\" aria-describedby=\"woocommerce_loop_add_to_cart_link_describedby_8009\" data-quantity=\"1\" class=\"button product_type_simple\" data-product_id=\"8009\" data-product_sku=\"\" aria-label=\"Cite\u0219te mai multe despre &bdquo;Sistem solar fotovoltaic cu invertor VMPLUS 5,5 kWt (LiFePO4)&rdquo;\" rel=\"nofollow\" data-success_message=\"\">Cite\u0219te mai mult<\/a>\t<span id=\"woocommerce_loop_add_to_cart_link_describedby_8009\" class=\"screen-reader-text\">\n\t\t\t<\/span>\n<a href=\"javascript:void(0)\" class=\"quick-view\" data-prod=\"8009\"><\/a><\/div><\/div><div class=\"wrapper-content-item\"><div class=\"cat_product\"><\/div><h2 class=\"woocommerce-loop-product_title\"><a href=\"https:\/\/sunmax.md\/ro\/cat\/sistem-solar-fotovoltaic-cu-invertor-all-in-one-de-55-kw\/\" title=\"Sistem solar fotovoltaic cu invertor VMPLUS 5,5 kWt (LiFePO4)\">Sistem solar fotovoltaic cu invertor VMPLUS 5,5 kWt (LiFePO4)<\/a><\/h2>\n<\/div><\/div><\/li>\n<li class=\"product type-product post-8007 status-publish instock product_cat-sisteme-kituri-fotovoltaice has-post-thumbnail shipping-taxable product-type-simple\">\n\t<div class=\"inner-item-product\"><div class=\"product-image\"><a href=\"https:\/\/sunmax.md\/ro\/cat\/sistem-solar-fotovoltaic-cu-invertor-de-6-kw-3\/\" title=\"Sistem solar fotovoltaic cu invertor GROWATT 6 kWt (Gel)\" class=\"wp-post-image\"><img loading=\"lazy\" decoding=\"async\" width=\"380\" height=\"380\" src=\"https:\/\/sunmax.md\/wp-content\/uploads\/2023\/05\/6kwt-380x380.jpg\" class=\"attachment-woocommerce_thumbnail size-woocommerce_thumbnail\" alt=\"\" srcset=\"https:\/\/sunmax.md\/wp-content\/uploads\/2023\/05\/6kwt-380x380.jpg 380w, https:\/\/sunmax.md\/wp-content\/uploads\/2023\/05\/6kwt-300x300.jpg 300w, https:\/\/sunmax.md\/wp-content\/uploads\/2023\/05\/6kwt-150x150.jpg 150w, https:\/\/sunmax.md\/wp-content\/uploads\/2023\/05\/6kwt-768x768.jpg 768w, https:\/\/sunmax.md\/wp-content\/uploads\/2023\/05\/6kwt-600x600.jpg 600w, https:\/\/sunmax.md\/wp-content\/uploads\/2023\/05\/6kwt-100x100.jpg 100w, https:\/\/sunmax.md\/wp-content\/uploads\/2023\/05\/6kwt.jpg 800w\" sizes=\"auto, (max-width: 380px) 100vw, 380px\" \/><\/a><div class=\"box-hover\"><a href=\"https:\/\/sunmax.md\/ro\/cat\/sistem-solar-fotovoltaic-cu-invertor-de-6-kw-3\/\" aria-describedby=\"woocommerce_loop_add_to_cart_link_describedby_8007\" data-quantity=\"1\" class=\"button product_type_simple\" data-product_id=\"8007\" data-product_sku=\"\" aria-label=\"Cite\u0219te mai multe despre &bdquo;Sistem solar fotovoltaic cu invertor GROWATT 6 kWt (Gel)&rdquo;\" rel=\"nofollow\" data-success_message=\"\">Cite\u0219te mai mult<\/a>\t<span id=\"woocommerce_loop_add_to_cart_link_describedby_8007\" class=\"screen-reader-text\">\n\t\t\t<\/span>\n<a href=\"javascript:void(0)\" class=\"quick-view\" data-prod=\"8007\"><\/a><\/div><\/div><div class=\"wrapper-content-item\"><div class=\"cat_product\"><\/div><h2 class=\"woocommerce-loop-product_title\"><a href=\"https:\/\/sunmax.md\/ro\/cat\/sistem-solar-fotovoltaic-cu-invertor-de-6-kw-3\/\" title=\"Sistem solar fotovoltaic cu invertor GROWATT 6 kWt (Gel)\">Sistem solar fotovoltaic cu invertor GROWATT 6 kWt (Gel)<\/a><\/h2>\n<\/div><\/div><\/li>\n<li class=\"product type-product post-8004 status-publish last instock has-post-thumbnail shipping-taxable product-type-simple\">\n\t<div class=\"inner-item-product\"><div class=\"product-image\"><a href=\"https:\/\/sunmax.md\/ro\/cat\/sistem-solar-fotovoltaic-cu-invertor-de-6-kw-2\/\" title=\"Sistem solar fotovoltaic cu invertor GROWATT 6 kWt (LiFePO4)\" class=\"wp-post-image\"><img loading=\"lazy\" decoding=\"async\" width=\"380\" height=\"380\" src=\"https:\/\/sunmax.md\/wp-content\/uploads\/2023\/05\/6kwt-380x380.jpg\" class=\"attachment-woocommerce_thumbnail size-woocommerce_thumbnail\" alt=\"\" srcset=\"https:\/\/sunmax.md\/wp-content\/uploads\/2023\/05\/6kwt-380x380.jpg 380w, https:\/\/sunmax.md\/wp-content\/uploads\/2023\/05\/6kwt-300x300.jpg 300w, https:\/\/sunmax.md\/wp-content\/uploads\/2023\/05\/6kwt-150x150.jpg 150w, https:\/\/sunmax.md\/wp-content\/uploads\/2023\/05\/6kwt-768x768.jpg 768w, https:\/\/sunmax.md\/wp-content\/uploads\/2023\/05\/6kwt-600x600.jpg 600w, https:\/\/sunmax.md\/wp-content\/uploads\/2023\/05\/6kwt-100x100.jpg 100w, https:\/\/sunmax.md\/wp-content\/uploads\/2023\/05\/6kwt.jpg 800w\" sizes=\"auto, (max-width: 380px) 100vw, 380px\" \/><\/a><div class=\"box-hover\"><a href=\"https:\/\/sunmax.md\/ro\/cat\/sistem-solar-fotovoltaic-cu-invertor-de-6-kw-2\/\" aria-describedby=\"woocommerce_loop_add_to_cart_link_describedby_8004\" data-quantity=\"1\" class=\"button product_type_simple\" data-product_id=\"8004\" data-product_sku=\"\" aria-label=\"Cite\u0219te mai multe despre &bdquo;Sistem solar fotovoltaic cu invertor GROWATT 6 kWt (LiFePO4)&rdquo;\" rel=\"nofollow\" data-success_message=\"\">Cite\u0219te mai mult<\/a>\t<span id=\"woocommerce_loop_add_to_cart_link_describedby_8004\" class=\"screen-reader-text\">\n\t\t\t<\/span>\n<a href=\"javascript:void(0)\" class=\"quick-view\" data-prod=\"8004\"><\/a><\/div><\/div><div class=\"wrapper-content-item\"><div class=\"cat_product\"><\/div><h2 class=\"woocommerce-loop-product_title\"><a href=\"https:\/\/sunmax.md\/ro\/cat\/sistem-solar-fotovoltaic-cu-invertor-de-6-kw-2\/\" title=\"Sistem solar fotovoltaic cu invertor GROWATT 6 kWt (LiFePO4)\">Sistem solar fotovoltaic cu invertor GROWATT 6 kWt (LiFePO4)<\/a><\/h2>\n<\/div><\/div><\/li>\n<\/ul>\n<\/div>[vc_btn title=&#8221;vezi pe toate&#8221; color=&#8221;warning&#8221; size=&#8221;lg&#8221; align=&#8221;center&#8221; link=&#8221;url:https%3A%2F%2Fsunmax.md%2Fro%2Fproduct-cat%2Fsisteme-kituri-fotovoltaice%2F&#8221;][\/vc_column][\/vc_row]<\/p>\n<\/div>","protected":false},"excerpt":{"rendered":"<p>[vc_row css=&#8221;.vc_custom_1556095448849{padding-top: 80px !important;}&#8221; bp_css_tablet=&#8221;.vc_custom_1556095448850{padding-top: 60px !important;}&#8221; bp_css_mobile=&#8221;.vc_custom_1556095448851{padding-top: 35px !important;}&#8221;][vc_column width=&#8221;1\/3&#8243;][\/vc_column][vc_column width=&#8221;1\/3&#8243;][\/vc_column][vc_column width=&#8221;1\/3&#8243;][\/vc_column][\/vc_row][vc_row css=&#8221;.vc_custom_1685624779920{margin-top: 0px !important;}&#8221;][vc_column][vc_column_text] Sisteme \/ kituri fotovoltaice<\/p>\n","protected":false},"author":1,"featured_media":0,"parent":0,"menu_order":0,"comment_status":"closed","ping_status":"closed","template":"","meta":{"footnotes":""},"class_list":["post-8243","page","type-page","status-publish","hentry"],"aioseo_notices":[],"_links":{"self":[{"href":"https:\/\/sunmax.md\/ro\/wp-json\/wp\/v2\/pages\/8243","targetHints":{"allow":["GET"]}}],"collection":[{"href":"https:\/\/sunmax.md\/ro\/wp-json\/wp\/v2\/pages"}],"about":[{"href":"https:\/\/sunmax.md\/ro\/wp-json\/wp\/v2\/types\/page"}],"author":[{"embeddable":true,"href":"https:\/\/sunmax.md\/ro\/wp-json\/wp\/v2\/users\/1"}],"replies":[{"embeddable":true,"href":"https:\/\/sunmax.md\/ro\/wp-json\/wp\/v2\/comments?post=8243"}],"version-history":[{"count":5,"href":"https:\/\/sunmax.md\/ro\/wp-json\/wp\/v2\/pages\/8243\/revisions"}],"predecessor-version":[{"id":8276,"href":"https:\/\/sunmax.md\/ro\/wp-json\/wp\/v2\/pages\/8243\/revisions\/8276"}],"wp:attachment":[{"href":"https:\/\/sunmax.md\/ro\/wp-json\/wp\/v2\/media?parent=8243"}],"curies":[{"name":"wp","href":"https:\/\/api.w.org\/{rel}","templated":true}]}}