{"id":7437,"date":"2023-05-27T06:25:45","date_gmt":"2023-05-27T04:25:45","guid":{"rendered":"https:\/\/sunmax.md\/?post_type=product&#038;p=7437"},"modified":"2023-06-13T04:12:20","modified_gmt":"2023-06-13T02:12:20","slug":"5500w-dc-48v-ac-220v-invertor-all-in-one-2","status":"publish","type":"product","link":"https:\/\/sunmax.md\/ro\/cat\/5500w-dc-48v-ac-220v-invertor-all-in-one-2\/","title":{"rendered":"Invertor &#8220;all-in-one&#8221; VMPLUS-WI-FI 5.5kW"},"content":{"rendered":"<p><strong>CARACTERISTICI<\/strong><\/p>\n<p>Putere nominal\u0103: 5500VA\/5500W<\/p>\n<p>Tensiune: 230 VAC<\/p>\n<p>R\u0103spuns \u00een frecven\u021b\u0103: 60 Hz (detec\u021bie automat\u0103)<\/p>\n<p>Reglarea tensiunii AC: 230VAC \u00b1 5%<\/p>\n<p>Putere impuls: 11000 VA<\/p>\n<p>Curent maxim de \u00eenc\u0103rcare: 100A<\/p>\n<p>Eficien\u021b\u0103 maxim\u0103: 98%<\/p>\n<p>Dimensiune L*W*H: 100*300*440mm<\/p>\n<p>Temperatura de func\u021bionare: 0\u2103~55\u2103<\/p>\n<p><strong>DESCRIERE<\/strong><\/p>\n<p>Acesta este un invertor\/\u00eenc\u0103rc\u0103tor multifunc\u021bional care combin\u0103 func\u021biile de invertor, \u00eenc\u0103rc\u0103tor solar \u0219i \u00eenc\u0103rc\u0103tor de baterie pentru a furniza energie ne\u00eentrerupt\u0103 cu o dimensiune portabil\u0103.<\/p>\n<p><strong>Avantaje:<\/strong><\/p>\n<ul>\n<li>Invertor cu und\u0103 sinusoidal\u0103 pur\u0103.<\/li>\n<li>Folosit pentru baterie cu litiu \/ baterie plumb acid \/ baterie gel.<\/li>\n<li>Energia solar\u0103 \u0219i curent alternativ pot fi op\u021bionale.<\/li>\n<li>Func\u021bion\u00e2nd f\u0103r\u0103 baterie, invertorul poate genera energie din panouri solare direct pentru a alimenta sarcina.<\/li>\n<\/ul>\n","protected":false},"excerpt":{"rendered":"<p>CARACTERISTICI Putere nominal\u0103: 5500VA\/5500W Tensiune: 230 VAC R\u0103spuns \u00een frecven\u021b\u0103: 60 Hz (detec\u021bie automat\u0103) Reglarea tensiunii AC: 230VAC \u00b1 5%<\/p>\n","protected":false},"featured_media":7420,"template":"","meta":[],"product_cat":[51],"product_tag":[48],"class_list":{"0":"post-7437","1":"product","2":"type-product","3":"status-publish","4":"has-post-thumbnail","6":"product_cat-invertoare","7":"product_tag-invertor","9":"first","10":"instock","11":"shipping-taxable","12":"product-type-simple"},"aioseo_notices":[],"_links":{"self":[{"href":"https:\/\/sunmax.md\/ro\/wp-json\/wp\/v2\/product\/7437","targetHints":{"allow":["GET"]}}],"collection":[{"href":"https:\/\/sunmax.md\/ro\/wp-json\/wp\/v2\/product"}],"about":[{"href":"https:\/\/sunmax.md\/ro\/wp-json\/wp\/v2\/types\/product"}],"wp:featuredmedia":[{"embeddable":true,"href":"https:\/\/sunmax.md\/ro\/wp-json\/wp\/v2\/media\/7420"}],"wp:attachment":[{"href":"https:\/\/sunmax.md\/ro\/wp-json\/wp\/v2\/media?parent=7437"}],"wp:term":[{"taxonomy":"product_cat","embeddable":true,"href":"https:\/\/sunmax.md\/ro\/wp-json\/wp\/v2\/product_cat?post=7437"},{"taxonomy":"product_tag","embeddable":true,"href":"https:\/\/sunmax.md\/ro\/wp-json\/wp\/v2\/product_tag?post=7437"}],"curies":[{"name":"wp","href":"https:\/\/api.w.org\/{rel}","templated":true}]}}