{"id":7511,"date":"2023-05-25T19:16:35","date_gmt":"2023-05-25T17:16:35","guid":{"rendered":"https:\/\/sunmax.md\/?post_type=product&#038;p=7511"},"modified":"2023-06-13T04:31:49","modified_gmt":"2023-06-13T02:31:49","slug":"invertor-hibrid-6200w-dc-48v-ac-220v","status":"publish","type":"product","link":"https:\/\/sunmax.md\/ro\/cat\/invertor-hibrid-6200w-dc-48v-ac-220v\/","title":{"rendered":"Invertor hibrid PowMr POW-HVM6.2M-48V 6.2 kW"},"content":{"rendered":"<p><strong>CARACTERISTICI<\/strong><\/p>\n<p>Marca: PowMr<\/p>\n<p>Activare baterie cu litiu: baterie cu litiu activ\u0103<\/p>\n<p>Tip invertor: invertoare de \u00eenalt\u0103 frecven\u021b\u0103<\/p>\n<p>Ie\u0219ire AC: 230V AC \u00b1 5%<\/p>\n<p>Putere nominal\u0103 de sarcin\u0103: 6200 W<\/p>\n<p>Tensiune maxim\u0103 de intrare a panoului: 450V PV<\/p>\n<p>Modul de \u00eenc\u0103rcare terminal: regulator de \u00eenc\u0103rcare solar MPPT \u00eencorporat<\/p>\n<p>Puterea maxim\u0103 de intrare a panoului solar: 6200W<\/p>\n<p>Modul Wi-Fi\/Bluetooth: modul Wi-Fi (op\u021bional)<\/p>\n<p><strong>DESCRIERE<\/strong><\/p>\n<p>Invertorul hibrid are un sistem inteligent de \u00eenc\u0103rcare a bateriei, protec\u021bie la suprasarcin\u0103, supra\u00eenc\u0103lzire \u0219i scurtcircuit, func\u021bie de pornire la rece, performan\u021b\u0103 optimizat\u0103 a bateriei, care poate prelungi durata de via\u021b\u0103 a bateriei.<\/p>\n<p><strong>Avantaje:<\/strong><\/p>\n<ul>\n<li>Afi\u0219aj LCD \u00een timp real cu parametrii de \u00eenc\u0103rcare, interval personalizabil de tensiune la domiciliu, curent de \u00eenc\u0103rcare, prioritate de \u00eenc\u0103rcare a bateriei AC \u0219i solare, tensiune de intrare acceptabil\u0103 prin set\u0103rile LCD, solu\u021bia perfect\u0103 pentru sistemul dumneavoastr\u0103 solar.<\/li>\n<li>Invertorul solar are patru moduri de intrare, \u0219i anume prioritate solar\u0103\/prioritate re\u021bea\/solar \u0219i prioritate re\u021bea\/doar solar, pentru a r\u0103spunde nevoilor diferitelor aplica\u021bii.<\/li>\n<li>Gam\u0103 larg\u0103 de aplica\u021bii: proiectat \u0219i poate fi utilizat pentru toate aparatele de putere redus\u0103 din case, rulote, b\u0103rci, televizoare, corpuri de iluminat, computere \u0219i chiar frigidere cu invertor.<\/li>\n<\/ul>\n","protected":false},"excerpt":{"rendered":"<p>CARACTERISTICI Marca: PowMr Activare baterie cu litiu: baterie cu litiu activ\u0103 Tip invertor: invertoare de \u00eenalt\u0103 frecven\u021b\u0103 Ie\u0219ire AC: 230V<\/p>\n","protected":false},"featured_media":7504,"template":"","meta":[],"product_cat":[51],"product_tag":[48],"class_list":{"0":"post-7511","1":"product","2":"type-product","3":"status-publish","4":"has-post-thumbnail","6":"product_cat-invertoare","7":"product_tag-invertor","9":"first","10":"instock","11":"shipping-taxable","12":"product-type-simple"},"aioseo_notices":[],"_links":{"self":[{"href":"https:\/\/sunmax.md\/ro\/wp-json\/wp\/v2\/product\/7511","targetHints":{"allow":["GET"]}}],"collection":[{"href":"https:\/\/sunmax.md\/ro\/wp-json\/wp\/v2\/product"}],"about":[{"href":"https:\/\/sunmax.md\/ro\/wp-json\/wp\/v2\/types\/product"}],"wp:featuredmedia":[{"embeddable":true,"href":"https:\/\/sunmax.md\/ro\/wp-json\/wp\/v2\/media\/7504"}],"wp:attachment":[{"href":"https:\/\/sunmax.md\/ro\/wp-json\/wp\/v2\/media?parent=7511"}],"wp:term":[{"taxonomy":"product_cat","embeddable":true,"href":"https:\/\/sunmax.md\/ro\/wp-json\/wp\/v2\/product_cat?post=7511"},{"taxonomy":"product_tag","embeddable":true,"href":"https:\/\/sunmax.md\/ro\/wp-json\/wp\/v2\/product_tag?post=7511"}],"curies":[{"name":"wp","href":"https:\/\/api.w.org\/{rel}","templated":true}]}}