{"id":7599,"date":"2023-05-28T04:43:17","date_gmt":"2023-05-28T02:43:17","guid":{"rendered":"https:\/\/sunmax.md\/?post_type=product&#038;p=7599"},"modified":"2023-06-13T04:01:21","modified_gmt":"2023-06-13T02:01:21","slug":"invertor-hibrid-4200w-dc-24v-ac-220v","status":"publish","type":"product","link":"https:\/\/sunmax.md\/ro\/cat\/invertor-hibrid-4200w-dc-24v-ac-220v\/","title":{"rendered":"Invertor hibrid PowMr POW-HVM4.2M-24V 4.2 kW"},"content":{"rendered":"<p><strong>CARACTERISTICI<\/strong><\/p>\n<p>Marca: PowMr<\/p>\n<p>Activare baterie cu litiu: baterie cu litiu activ\u0103<\/p>\n<p>Tensiune: 24V<\/p>\n<p>Tip baterie: baterii Lifepo4, baterii cu litiu, baterii inundate, baterii cu gel, baterii cu plumb-acid, baterii AGM, modul utilizator<\/p>\n<p>Faza: monofazata<\/p>\n<p>Tip invertor: invertoare de \u00eenalt\u0103 frecven\u021b\u0103<\/p>\n<p>Ie\u0219ire AC: 230V AC \u00b1 5%<\/p>\n<p>Putere nominal\u0103 de sarcin\u0103: 4200 W<\/p>\n<p><strong>DESCRIERE<\/strong><\/p>\n<p>Acest invertor poate alimenta toate tipurile de aparate electrocasnice din casa sau biroul dvs., inclusiv unit\u0103\u021bi electrice, cum ar fi becurile, ventilatoarele, frigiderele \u0219i aparatele de aer condi\u021bionat.<\/p>\n<p><strong>Avantaje:<\/strong><\/p>\n<ul>\n<li>Invertor cu und\u0103 sinusoidal\u0103 pur\u0103<\/li>\n<li>Interval configurabil de tensiune de intrare pentru electrocasnice \u0219i computere personale prin setarea afi\u0219ajului LCD<\/li>\n<li>Curent de \u00eenc\u0103rcare a bateriei configurabil pe baza aplica\u021biilor prin setarea LCD<\/li>\n<li>Prioritate configurabil\u0103 AC\/\u00eenc\u0103rc\u0103tor solar prin setarea LCD<\/li>\n<li>Compatibilitate cu tensiunea de re\u021bea sau puterea generatorului<\/li>\n<li>Repornire automat\u0103 \u00een timpul recuper\u0103rii AC<\/li>\n<li>Protec\u021bie la suprasarcin\u0103\/supra\u00eenc\u0103lzire\/scurtcircuit<\/li>\n<li>Design inteligent de \u00eenc\u0103rc\u0103tor pentru a optimiza performan\u021ba bateriei<\/li>\n<li>Func\u021bie de pornire la rece<\/li>\n<li>WIFI\/GPRS (op\u021biune)<\/li>\n<li>Posibilitatea de a se conecta la o baterie cu litiu<\/li>\n<\/ul>\n","protected":false},"excerpt":{"rendered":"<p>CARACTERISTICI Marca: PowMr Activare baterie cu litiu: baterie cu litiu activ\u0103 Tensiune: 24V Tip baterie: baterii Lifepo4, baterii cu litiu,<\/p>\n","protected":false},"featured_media":7592,"template":"","meta":[],"product_cat":[51],"product_tag":[48],"class_list":{"0":"post-7599","1":"product","2":"type-product","3":"status-publish","4":"has-post-thumbnail","6":"product_cat-invertoare","7":"product_tag-invertor","9":"first","10":"instock","11":"shipping-taxable","12":"product-type-simple"},"aioseo_notices":[],"_links":{"self":[{"href":"https:\/\/sunmax.md\/ro\/wp-json\/wp\/v2\/product\/7599","targetHints":{"allow":["GET"]}}],"collection":[{"href":"https:\/\/sunmax.md\/ro\/wp-json\/wp\/v2\/product"}],"about":[{"href":"https:\/\/sunmax.md\/ro\/wp-json\/wp\/v2\/types\/product"}],"wp:featuredmedia":[{"embeddable":true,"href":"https:\/\/sunmax.md\/ro\/wp-json\/wp\/v2\/media\/7592"}],"wp:attachment":[{"href":"https:\/\/sunmax.md\/ro\/wp-json\/wp\/v2\/media?parent=7599"}],"wp:term":[{"taxonomy":"product_cat","embeddable":true,"href":"https:\/\/sunmax.md\/ro\/wp-json\/wp\/v2\/product_cat?post=7599"},{"taxonomy":"product_tag","embeddable":true,"href":"https:\/\/sunmax.md\/ro\/wp-json\/wp\/v2\/product_tag?post=7599"}],"curies":[{"name":"wp","href":"https:\/\/api.w.org\/{rel}","templated":true}]}}