{"id":7801,"date":"2023-05-20T06:26:03","date_gmt":"2023-05-20T04:26:03","guid":{"rendered":"https:\/\/sunmax.md\/?post_type=product&#038;p=7801"},"modified":"2023-06-13T04:36:25","modified_gmt":"2023-06-13T02:36:25","slug":"8200w-dc-48v-ac-220v-invertor-hibrid","status":"publish","type":"product","link":"https:\/\/sunmax.md\/ro\/cat\/8200w-dc-48v-ac-220v-invertor-hibrid\/","title":{"rendered":"Invertor hibrid PowMr POW-HVM8.2M-48V 8.2kW"},"content":{"rendered":"<p><strong>CARACTERISTICI<\/strong><\/p>\n<p>Nume: PowMr<\/p>\n<p>Model: POW-HVM8.2M-48V<\/p>\n<p>Tensiune de intrare: 48 V<\/p>\n<p>Tensiune de iesire: 230 V<\/p>\n<p>Curent de ie\u0219ire: 35,6 A<\/p>\n<p>Frecventa de iesire: 50 Hz<\/p>\n<p>Tip de ie\u0219ire: Single<\/p>\n<p>Tip: Convertoare DC\/AC<\/p>\n<p>Greutate: 14,2 kg<\/p>\n<p>Putere nominala de iesire: 8200 W<\/p>\n<p>Curent maxim de intrare AC: 40 A<\/p>\n<p>Tip de ie\u0219ire: Single<\/p>\n<p>Eficien\u021ba invertorului: 98%<\/p>\n<p><strong>DESCRIERE<\/strong><\/p>\n<p>Acesta este un nou invertor solar hibrid universal.<\/p>\n<p><strong>Avantaje:<\/strong><\/p>\n<ul>\n<li>Invertor solar cu und\u0103 sinusoidal\u0103 pur\u0103 (pornit\/oprit \u00een re\u021bea)<\/li>\n<li>Invertorul func\u021bioneaz\u0103 f\u0103r\u0103 baterie<\/li>\n<li>Factor de putere de ie\u0219ire 1.0<\/li>\n<li>Gama mare de tensiune de intrare PV (90 ~ 500VDC)<\/li>\n<li>WIFI \u0219i GPRS pot fi utilizate cu IOS \u0219i Android<\/li>\n<li>Kit anti-amurg \u00eencorporat pentru mediu dur<\/li>\n<li>\u00cenc\u0103rcare solar\u0103 MPPT de 160 A \u00eencorporat\u0103<\/li>\n<li>Design inteligent de \u00eenc\u0103rcare a bateriei pentru a optimiza durata de via\u021b\u0103 a bateriei<\/li>\n<li>Reveni\u021bi la set\u0103rile din fabric\u0103 cu un singur clic<\/li>\n<li>Ie\u0219ire dubl\u0103<\/li>\n<li>Activare automat\u0103 a bateriei cu litiu \u00eencorporat\u0103<\/li>\n<\/ul>\n","protected":false},"excerpt":{"rendered":"<p>CARACTERISTICI Nume: PowMr Model: POW-HVM8.2M-48V Tensiune de intrare: 48 V Tensiune de iesire: 230 V Curent de ie\u0219ire: 35,6 A<\/p>\n","protected":false},"featured_media":7789,"template":"","meta":[],"product_cat":[51],"product_tag":[48],"class_list":{"0":"post-7801","1":"product","2":"type-product","3":"status-publish","4":"has-post-thumbnail","6":"product_cat-invertoare","7":"product_tag-invertor","9":"first","10":"instock","11":"shipping-taxable","12":"product-type-simple"},"aioseo_notices":[],"_links":{"self":[{"href":"https:\/\/sunmax.md\/ro\/wp-json\/wp\/v2\/product\/7801","targetHints":{"allow":["GET"]}}],"collection":[{"href":"https:\/\/sunmax.md\/ro\/wp-json\/wp\/v2\/product"}],"about":[{"href":"https:\/\/sunmax.md\/ro\/wp-json\/wp\/v2\/types\/product"}],"wp:featuredmedia":[{"embeddable":true,"href":"https:\/\/sunmax.md\/ro\/wp-json\/wp\/v2\/media\/7789"}],"wp:attachment":[{"href":"https:\/\/sunmax.md\/ro\/wp-json\/wp\/v2\/media?parent=7801"}],"wp:term":[{"taxonomy":"product_cat","embeddable":true,"href":"https:\/\/sunmax.md\/ro\/wp-json\/wp\/v2\/product_cat?post=7801"},{"taxonomy":"product_tag","embeddable":true,"href":"https:\/\/sunmax.md\/ro\/wp-json\/wp\/v2\/product_tag?post=7801"}],"curies":[{"name":"wp","href":"https:\/\/api.w.org\/{rel}","templated":true}]}}