{"id":7866,"date":"2023-05-12T00:01:26","date_gmt":"2023-05-11T22:01:26","guid":{"rendered":"https:\/\/sunmax.md\/?post_type=product&#038;p=7866"},"modified":"2023-06-12T13:30:43","modified_gmt":"2023-06-12T11:30:43","slug":"baterie-elite-elt512200w","status":"publish","type":"product","link":"https:\/\/sunmax.md\/ro\/cat\/baterie-elite-elt512200w\/","title":{"rendered":"Baterie Elite LiFePO4 51.2V 200Ah"},"content":{"rendered":"<p><strong>CARACTERISTICI<\/strong><\/p>\n<p>Model: ELT512200W<\/p>\n<p>Tensiune nominal\u0103: 51,2 V<\/p>\n<p>Capacitate nominala: 200 Ah<\/p>\n<p>Energie: 10280WH<\/p>\n<p>Rezisten\u021b\u0103 intern\u0103: \u2264 10m\u03a9<\/p>\n<p>Ciclu de via\u021b\u0103: &gt;6000 de cicluri la 1C<\/p>\n<p>Luni de autodesc\u0103rcare: &lt;3%<\/p>\n<p>Eficien\u021b\u0103 de \u00eenc\u0103rcare: 100% @ 0,5C<\/p>\n<p>Eficien\u021b\u0103 de desc\u0103rcare: 96-99% @ 1C<\/p>\n<p>Tensiune de \u00eentrerupere a \u00eenc\u0103rc\u0103rii: 58,4 V \u00b1 0,2 V<\/p>\n<p>Mod de \u00eenc\u0103rcare: 0,2C p\u00e2n\u0103 la 58,4V, apoi curent CV la 0,05C (CC\/CV)<\/p>\n<p>Curent de \u00eenc\u0103rcare recomandat: 20A<\/p>\n<p>Max. curent de \u00eenc\u0103rcare: 200A<\/p>\n<p>Max. curent de desc\u0103rcare continu\u0103: 200A<\/p>\n<p>Max. curent de supratensiune: 300A<\/p>\n<p>Tensiune de \u00eentrerupere de desc\u0103rcare: 40 V<\/p>\n<p>Rezistenta la praf de apa: IP67<\/p>\n<p>Dimensiuni: 880*520*163<\/p>\n<p>Greutate (kg): aproximativ 100<\/p>\n<p>Certificate: UN38.3 MSDS CE RoHs<\/p>\n<p><strong>DESCRIERE<\/strong><\/p>\n<p>Tehnicienii profesioni\u0219ti cu experien\u021b\u0103 \u0219i echipamentele avansate de la Elite ofer\u0103 clien\u021bilor baterii profesionale de \u00eenalt\u0103 calitate.<\/p>\n<p><strong>Avantaje:<\/strong><\/p>\n<ul>\n<li>Bateria de elit\u0103 este realizat\u0103 din celule LifePO4 de \u00eenalt\u0103 calitate, cu BMS \u00eencorporat.<\/li>\n<li>Durata de via\u021b\u0103 a bateriei \u2265 6000 de ori.<\/li>\n<li>Sistemul este extensibil, care suport\u0103 maximum 20 de buc\u0103\u021bi \u00een paralel pentru a ob\u021bine 200 kWh.<\/li>\n<li>Bateria este compatibil\u0103 cu cele mai populare invertoare de marc\u0103 de pe pia\u021b\u0103.<\/li>\n<li>Perioada de garantie este de 5 ani.<\/li>\n<\/ul>\n","protected":false},"excerpt":{"rendered":"<p>CARACTERISTICI Model: ELT512200W Tensiune nominal\u0103: 51,2 V Capacitate nominala: 200 Ah Energie: 10280WH Rezisten\u021b\u0103 intern\u0103: \u2264 10m\u03a9 Ciclu de via\u021b\u0103:<\/p>\n","protected":false},"featured_media":8057,"template":"","meta":[],"product_cat":[52],"product_tag":[58],"class_list":{"0":"post-7866","1":"product","2":"type-product","3":"status-publish","4":"has-post-thumbnail","6":"product_cat-baterii","7":"product_tag-bateriile","9":"first","10":"instock","11":"shipping-taxable","12":"product-type-simple"},"aioseo_notices":[],"_links":{"self":[{"href":"https:\/\/sunmax.md\/ro\/wp-json\/wp\/v2\/product\/7866","targetHints":{"allow":["GET"]}}],"collection":[{"href":"https:\/\/sunmax.md\/ro\/wp-json\/wp\/v2\/product"}],"about":[{"href":"https:\/\/sunmax.md\/ro\/wp-json\/wp\/v2\/types\/product"}],"wp:featuredmedia":[{"embeddable":true,"href":"https:\/\/sunmax.md\/ro\/wp-json\/wp\/v2\/media\/8057"}],"wp:attachment":[{"href":"https:\/\/sunmax.md\/ro\/wp-json\/wp\/v2\/media?parent=7866"}],"wp:term":[{"taxonomy":"product_cat","embeddable":true,"href":"https:\/\/sunmax.md\/ro\/wp-json\/wp\/v2\/product_cat?post=7866"},{"taxonomy":"product_tag","embeddable":true,"href":"https:\/\/sunmax.md\/ro\/wp-json\/wp\/v2\/product_tag?post=7866"}],"curies":[{"name":"wp","href":"https:\/\/api.w.org\/{rel}","templated":true}]}}