{"id":7871,"date":"2023-05-12T00:29:57","date_gmt":"2023-05-11T22:29:57","guid":{"rendered":"https:\/\/sunmax.md\/?post_type=product&#038;p=7871"},"modified":"2023-06-13T03:39:28","modified_gmt":"2023-06-13T01:39:28","slug":"baterie-elite-lifepo4-25-6v-200ah","status":"publish","type":"product","link":"https:\/\/sunmax.md\/ro\/cat\/baterie-elite-lifepo4-25-6v-200ah\/","title":{"rendered":"Baterie Elite LiFePO4 25.6V 200Ah"},"content":{"rendered":"<p><strong>CARACTERISTICI<\/strong><\/p>\n<p>Model: 25.6V 200Ah<\/p>\n<p>Putere nominal\u0103: &gt;1000MAH<\/p>\n<p>Tensiune standard: 20V~29.2V<\/p>\n<p>Electrolit: Li-Ion<\/p>\n<p>Certificate: CE\/RoHS\/Un38.3\/MSDS<\/p>\n<p>Rata de auto-desc\u0103rcare: &lt;3%<\/p>\n<p>Greutate: aproximativ 38 kg<\/p>\n<p>Garantie: 3 ani<\/p>\n<p>Ciclu de via\u021b\u0103: 2000-5000 de ori<\/p>\n<p>Dimensiuni: 525*270*220mm<\/p>\n<p><strong>DESCRIERE<\/strong><\/p>\n<p>Tehnicienii profesioni\u0219ti cu experien\u021b\u0103 \u0219i echipamentele avansate de la Elite ofer\u0103 clien\u021bilor baterii profesionale de \u00eenalt\u0103 calitate.<\/p>\n<p><strong>Avantaje:<\/strong><\/p>\n<ul>\n<li>Sistemul BMS gestioneaz\u0103 \u00eenc\u0103rcarea \u0219i desc\u0103rcarea \u0219i ia imediat m\u0103suri atunci c\u00e2nd anumite valori (critice) sunt dep\u0103\u0219ite.<\/li>\n<li>Transmiterea sigur\u0103 \u0219i eficient\u0103 a puterii.<\/li>\n<\/ul>\n","protected":false},"excerpt":{"rendered":"<p>CARACTERISTICI Model: 25.6V 200Ah Putere nominal\u0103: &gt;1000MAH Tensiune standard: 20V~29.2V Electrolit: Li-Ion Certificate: CE\/RoHS\/Un38.3\/MSDS Rata de auto-desc\u0103rcare: &lt;3% Greutate: aproximativ<\/p>\n","protected":false},"featured_media":8055,"template":"","meta":[],"product_cat":[52],"product_tag":[58],"class_list":{"0":"post-7871","1":"product","2":"type-product","3":"status-publish","4":"has-post-thumbnail","6":"product_cat-baterii","7":"product_tag-bateriile","9":"first","10":"instock","11":"shipping-taxable","12":"product-type-simple"},"aioseo_notices":[],"_links":{"self":[{"href":"https:\/\/sunmax.md\/ro\/wp-json\/wp\/v2\/product\/7871","targetHints":{"allow":["GET"]}}],"collection":[{"href":"https:\/\/sunmax.md\/ro\/wp-json\/wp\/v2\/product"}],"about":[{"href":"https:\/\/sunmax.md\/ro\/wp-json\/wp\/v2\/types\/product"}],"wp:featuredmedia":[{"embeddable":true,"href":"https:\/\/sunmax.md\/ro\/wp-json\/wp\/v2\/media\/8055"}],"wp:attachment":[{"href":"https:\/\/sunmax.md\/ro\/wp-json\/wp\/v2\/media?parent=7871"}],"wp:term":[{"taxonomy":"product_cat","embeddable":true,"href":"https:\/\/sunmax.md\/ro\/wp-json\/wp\/v2\/product_cat?post=7871"},{"taxonomy":"product_tag","embeddable":true,"href":"https:\/\/sunmax.md\/ro\/wp-json\/wp\/v2\/product_tag?post=7871"}],"curies":[{"name":"wp","href":"https:\/\/api.w.org\/{rel}","templated":true}]}}