{"id":7886,"date":"2023-05-12T00:03:33","date_gmt":"2023-05-11T22:03:33","guid":{"rendered":"https:\/\/sunmax.md\/?post_type=product&#038;p=7886"},"modified":"2023-06-12T13:29:53","modified_gmt":"2023-06-12T11:29:53","slug":"baterie-lifepo4-48v-200ah","status":"publish","type":"product","link":"https:\/\/sunmax.md\/ro\/cat\/baterie-lifepo4-48v-200ah\/","title":{"rendered":"Baterie Anern LiFePO4 48V 200Ah"},"content":{"rendered":"<p><strong>CARACTERISTICI<\/strong><\/p>\n<p>Model: AN-LPB-T-48200<\/p>\n<p>Tip baterie: LiFePO4<\/p>\n<p>Capacitate standard: 200 Ah<\/p>\n<p>Tensiune standard: 48V<\/p>\n<p>Stocare de energie: 9,6 kWh<\/p>\n<p>Gama de tensiune de lucru: 42-54.8V<\/p>\n<p>Max. curent de \u00eenc\u0103rcare: 100A<\/p>\n<p>Max. curent de desc\u0103rcare: 120A<\/p>\n<p>Durat\u0103 de via\u021b\u0103: &gt; 6000<\/p>\n<p>Precizie SOC: &lt;8%<\/p>\n<p>Dimensiune: 860*485*155mm<\/p>\n<p>Greutate: 86 kg<\/p>\n<p><strong>DESCRIERE<\/strong><\/p>\n<p>Solu\u021bia ideal\u0103 pentru sistemul de energie solar\u0103 de acas\u0103.<\/p>\n<p><strong>Avantaje:<\/strong><\/p>\n<ul>\n<li>Calitate fiabil\u0103;<\/li>\n<li>Durat\u0103 lung\u0103 de via\u021b\u0103 peste 5 ani;<\/li>\n<li>Perfect compatibil cu invertorul;<\/li>\n<li>Certificare de siguran\u021b\u0103: CE, ROHS, UN38.3, MSDS.<\/li>\n<\/ul>\n","protected":false},"excerpt":{"rendered":"<p>CARACTERISTICI Model: AN-LPB-T-48200 Tip baterie: LiFePO4 Capacitate standard: 200 Ah Tensiune standard: 48V Stocare de energie: 9,6 kWh Gama de<\/p>\n","protected":false},"featured_media":8048,"template":"","meta":[],"product_cat":[52],"product_tag":[58],"class_list":{"0":"post-7886","1":"product","2":"type-product","3":"status-publish","4":"has-post-thumbnail","6":"product_cat-baterii","7":"product_tag-bateriile","9":"first","10":"instock","11":"shipping-taxable","12":"product-type-simple"},"aioseo_notices":[],"_links":{"self":[{"href":"https:\/\/sunmax.md\/ro\/wp-json\/wp\/v2\/product\/7886","targetHints":{"allow":["GET"]}}],"collection":[{"href":"https:\/\/sunmax.md\/ro\/wp-json\/wp\/v2\/product"}],"about":[{"href":"https:\/\/sunmax.md\/ro\/wp-json\/wp\/v2\/types\/product"}],"wp:featuredmedia":[{"embeddable":true,"href":"https:\/\/sunmax.md\/ro\/wp-json\/wp\/v2\/media\/8048"}],"wp:attachment":[{"href":"https:\/\/sunmax.md\/ro\/wp-json\/wp\/v2\/media?parent=7886"}],"wp:term":[{"taxonomy":"product_cat","embeddable":true,"href":"https:\/\/sunmax.md\/ro\/wp-json\/wp\/v2\/product_cat?post=7886"},{"taxonomy":"product_tag","embeddable":true,"href":"https:\/\/sunmax.md\/ro\/wp-json\/wp\/v2\/product_tag?post=7886"}],"curies":[{"name":"wp","href":"https:\/\/api.w.org\/{rel}","templated":true}]}}