{"id":7890,"date":"2023-05-13T03:02:48","date_gmt":"2023-05-13T01:02:48","guid":{"rendered":"https:\/\/sunmax.md\/?post_type=product&#038;p=7890"},"modified":"2023-05-13T03:14:41","modified_gmt":"2023-05-13T01:14:41","slug":"baterie-anern-gel-12v-250ah","status":"publish","type":"product","link":"https:\/\/sunmax.md\/ro\/cat\/baterie-anern-gel-12v-250ah\/","title":{"rendered":"Baterie Anern Gel 12V 250Ah"},"content":{"rendered":"<p><strong>CARACTERISTICI<\/strong><\/p>\n<p>Model: AN-GEL-250AH<\/p>\n<p>Nume: Anern<\/p>\n<p>Tip baterie: baterie cu gel cu ciclu profund<\/p>\n<p>Capacitate: 250Ah<\/p>\n<p>Tensiune: 12V<\/p>\n<p>Tip terminal: F5\/T9<\/p>\n<p>Material terminal: cupru<\/p>\n<p>Curent maxim de desc\u0103rcare: 1000 A (5 sec.)<\/p>\n<p>Durat\u0103 de via\u021b\u0103 (20\u2103): 12 ani<\/p>\n<p><strong>DESCRIERE<\/strong><\/p>\n<p>Solu\u021bia ideal\u0103 pentru sistemul de energie solar\u0103 de acas\u0103.<\/p>\n<p><strong>Avantaje:<\/strong><\/p>\n<ul>\n<li>Calitate de incredere.<\/li>\n<li>Pl\u0103cile sunt folosite pentru a prelungi durata de via\u021b\u0103 a bateriei \u00een modul de a\u0219teptare.<\/li>\n<li>Utilizarea tehnologiei de recombinare a oxigenului: f\u0103r\u0103 \u00eentre\u021binere.<\/li>\n<li>Design unic al supapei de aerisire: controleaz\u0103 pierderea de ap\u0103, previne aerul \u0219i sc\u00e2nteia \u00een interior.<\/li>\n<\/ul>\n","protected":false},"excerpt":{"rendered":"<p>CARACTERISTICI Model: AN-GEL-250AH Nume: Anern Tip baterie: baterie cu gel cu ciclu profund Capacitate: 250Ah Tensiune: 12V Tip terminal: F5\/T9<\/p>\n","protected":false},"featured_media":8045,"template":"","meta":[],"product_cat":[52],"product_tag":[58],"class_list":{"0":"post-7890","1":"product","2":"type-product","3":"status-publish","4":"has-post-thumbnail","6":"product_cat-baterii","7":"product_tag-bateriile","9":"first","10":"instock","11":"shipping-taxable","12":"product-type-simple"},"aioseo_notices":[],"_links":{"self":[{"href":"https:\/\/sunmax.md\/ro\/wp-json\/wp\/v2\/product\/7890","targetHints":{"allow":["GET"]}}],"collection":[{"href":"https:\/\/sunmax.md\/ro\/wp-json\/wp\/v2\/product"}],"about":[{"href":"https:\/\/sunmax.md\/ro\/wp-json\/wp\/v2\/types\/product"}],"wp:featuredmedia":[{"embeddable":true,"href":"https:\/\/sunmax.md\/ro\/wp-json\/wp\/v2\/media\/8045"}],"wp:attachment":[{"href":"https:\/\/sunmax.md\/ro\/wp-json\/wp\/v2\/media?parent=7890"}],"wp:term":[{"taxonomy":"product_cat","embeddable":true,"href":"https:\/\/sunmax.md\/ro\/wp-json\/wp\/v2\/product_cat?post=7890"},{"taxonomy":"product_tag","embeddable":true,"href":"https:\/\/sunmax.md\/ro\/wp-json\/wp\/v2\/product_tag?post=7890"}],"curies":[{"name":"wp","href":"https:\/\/api.w.org\/{rel}","templated":true}]}}