{"id":7912,"date":"2023-05-27T15:27:19","date_gmt":"2023-05-27T13:27:19","guid":{"rendered":"https:\/\/sunmax.md\/?post_type=product&#038;p=7912"},"modified":"2023-06-13T04:06:45","modified_gmt":"2023-06-13T02:06:45","slug":"invertor-growatt-spf5000es","status":"publish","type":"product","link":"https:\/\/sunmax.md\/ro\/cat\/invertor-growatt-spf5000es\/","title":{"rendered":"Invertor Growatt SPF5000ES 5 kW"},"content":{"rendered":"<p><strong>CARACTERISTICI<\/strong><\/p>\n<p>Producator: Growatt<\/p>\n<p>Func\u021bia de amestecare: da<\/p>\n<p>Tensiune baterie: 48 V<\/p>\n<p>Tip controler de \u00eenc\u0103rcare: MPPT<\/p>\n<p>Putere: 5000 W<\/p>\n<p>Numar de faze: 1<\/p>\n<p>Puterea maxim\u0103 a bateriilor solare: 6000 W<\/p>\n<p>Dimensiuni: 330 \u00d7 485 \u00d7 135 mm<\/p>\n<p>Greutate: 12 kg<\/p>\n<p>Garantie: 1 an<\/p>\n<p><strong>DESCRIERE<\/strong><\/p>\n<p>Invertorul solar hibrid Growatt SPF5000ES pentru cas\u0103 \u0219i gr\u0103din\u0103 este un invertor\/\u00eenc\u0103rc\u0103tor multifunc\u021bional de 5 kW care combin\u0103 func\u021biile unui invertor, un controler solar de \u00eenc\u0103rcare a bateriei \u0219i un \u00eenc\u0103rc\u0103tor de baterie de 220 V pentru a asigura alimentarea ne\u00eentrerupt\u0103, cu posibilitatea de a selecta priorit\u0103\u021bile de \u00eenc\u0103rcare \u0219i \u00eenc\u0103rc\u0103turi. Este utilizat \u00een centralele solare mici \u0219i sistemele de alimentare ne\u00eentreruptibil\u0103.<\/p>\n<p><strong>Avantaje:<\/strong><\/p>\n<ul>\n<li>Ie\u0219ire cu und\u0103 sinusoidal\u0103 pur\u0103<\/li>\n<li>Control cu \u200b\u200bmicroprocesor<\/li>\n<li>Lucreaza f\u0103r\u0103 baterie<\/li>\n<li>Func\u021bia de amestecare<\/li>\n<li>Regulator de \u00eenc\u0103rcare solar MPPT \u00eencorporat<\/li>\n<li>Tensiunea maxim\u0103 de intrare din sistemul fotovoltaic este de p\u00e2n\u0103 la 450 V DC<\/li>\n<li>Protejat \u00eempotriva scurtcircuitului \u0219i suprasarcinii<\/li>\n<li>Repornire automat\u0103 c\u00e2nd alimentarea CA este restabilit\u0103<\/li>\n<li>Afi\u0219ajul LCD mare arat\u0103 toate informa\u021biile principale despre func\u021bionarea sistemului de alimentare cu energie solar\u0103<\/li>\n<li>Abilitatea de a se conecta la un computer pentru a configura \u0219i monitoriza func\u021bionarea sistemului de alimentare cu energie<\/li>\n<li>Reglarea curentului de \u00eenc\u0103rcare<\/li>\n<li>Setarea pragului inferior \u0219i superior pentru \u00eenc\u0103rcarea bateriei<\/li>\n<\/ul>\n","protected":false},"excerpt":{"rendered":"<p>CARACTERISTICI Producator: Growatt Func\u021bia de amestecare: da Tensiune baterie: 48 V Tip controler de \u00eenc\u0103rcare: MPPT Putere: 5000 W Numar<\/p>\n","protected":false},"featured_media":7911,"template":"","meta":[],"product_cat":[51],"product_tag":[48],"class_list":{"0":"post-7912","1":"product","2":"type-product","3":"status-publish","4":"has-post-thumbnail","6":"product_cat-invertoare","7":"product_tag-invertor","9":"first","10":"instock","11":"shipping-taxable","12":"product-type-simple"},"aioseo_notices":[],"_links":{"self":[{"href":"https:\/\/sunmax.md\/ro\/wp-json\/wp\/v2\/product\/7912","targetHints":{"allow":["GET"]}}],"collection":[{"href":"https:\/\/sunmax.md\/ro\/wp-json\/wp\/v2\/product"}],"about":[{"href":"https:\/\/sunmax.md\/ro\/wp-json\/wp\/v2\/types\/product"}],"wp:featuredmedia":[{"embeddable":true,"href":"https:\/\/sunmax.md\/ro\/wp-json\/wp\/v2\/media\/7911"}],"wp:attachment":[{"href":"https:\/\/sunmax.md\/ro\/wp-json\/wp\/v2\/media?parent=7912"}],"wp:term":[{"taxonomy":"product_cat","embeddable":true,"href":"https:\/\/sunmax.md\/ro\/wp-json\/wp\/v2\/product_cat?post=7912"},{"taxonomy":"product_tag","embeddable":true,"href":"https:\/\/sunmax.md\/ro\/wp-json\/wp\/v2\/product_tag?post=7912"}],"curies":[{"name":"wp","href":"https:\/\/api.w.org\/{rel}","templated":true}]}}