{"id":7933,"date":"2023-05-01T07:11:41","date_gmt":"2023-05-01T05:11:41","guid":{"rendered":"https:\/\/sunmax.md\/?post_type=product&#038;p=7933"},"modified":"2023-06-13T04:42:42","modified_gmt":"2023-06-13T02:42:42","slug":"controler-invertor-mppt-anern-an-ex-pro","status":"publish","type":"product","link":"https:\/\/sunmax.md\/ro\/cat\/controler-invertor-mppt-anern-an-ex-pro\/","title":{"rendered":"Invertor hibrid Anern AN-EX-Pro 8.2kW-10.2 kW"},"content":{"rendered":"<p><strong>CARACTERISTICI<\/strong><\/p>\n<p>Marca: ANERN<\/p>\n<p>Model: AN-EX-Pro<\/p>\n<p>Dimensiune: 600*470*230mm<\/p>\n<p>Certificare: Eurotest (CE)<\/p>\n<p>Certificare: RoHS<\/p>\n<p>Tensiune baterie (V): 48V<\/p>\n<p>Tensiune de intrare AC (V): 230V<\/p>\n<p>Tensiune de ie\u0219ire AC (V): 230V AC \u00b1 5%<\/p>\n<p>Curent maxim de \u00eenc\u0103rcare: 160A<\/p>\n<p>Puterea maxim\u0103 a matricei fotovoltaice: 8200W\/ 10200W<\/p>\n<p><strong>DESCRIERE<\/strong><\/p>\n<p>Seria An-EX-Pro este un nou invertor solar hibrid de \u00eenalt\u0103 frecven\u021b\u0103 dezvoltat de Anern, care este o versiune \u00eembun\u0103t\u0103\u021bit\u0103 a invertorului hibrid tradi\u021bional.<\/p>\n<p><strong>Avantaje:<\/strong><\/p>\n<ul>\n<li>Sistem solar all-in-one &#8211; solu\u021bie ideal\u0103 pentru centrale electrice de rezerv\u0103, \u00een afara re\u021belei, pentru cas\u0103, afaceri mici<\/li>\n<li>Un sistem u\u0219or de instalat care ofer\u0103 energie eficient\u0103, la nivel mondial, pentru orice nevoie.<\/li>\n<\/ul>\n","protected":false},"excerpt":{"rendered":"<p>CARACTERISTICI Marca: ANERN Model: AN-EX-Pro Dimensiune: 600*470*230mm Certificare: Eurotest (CE) Certificare: RoHS Tensiune baterie (V): 48V Tensiune de intrare AC<\/p>\n","protected":false},"featured_media":7931,"template":"","meta":[],"product_cat":[51],"product_tag":[48],"class_list":{"0":"post-7933","1":"product","2":"type-product","3":"status-publish","4":"has-post-thumbnail","6":"product_cat-invertoare","7":"product_tag-invertor","9":"first","10":"instock","11":"shipping-taxable","12":"product-type-simple"},"aioseo_notices":[],"_links":{"self":[{"href":"https:\/\/sunmax.md\/ro\/wp-json\/wp\/v2\/product\/7933","targetHints":{"allow":["GET"]}}],"collection":[{"href":"https:\/\/sunmax.md\/ro\/wp-json\/wp\/v2\/product"}],"about":[{"href":"https:\/\/sunmax.md\/ro\/wp-json\/wp\/v2\/types\/product"}],"wp:featuredmedia":[{"embeddable":true,"href":"https:\/\/sunmax.md\/ro\/wp-json\/wp\/v2\/media\/7931"}],"wp:attachment":[{"href":"https:\/\/sunmax.md\/ro\/wp-json\/wp\/v2\/media?parent=7933"}],"wp:term":[{"taxonomy":"product_cat","embeddable":true,"href":"https:\/\/sunmax.md\/ro\/wp-json\/wp\/v2\/product_cat?post=7933"},{"taxonomy":"product_tag","embeddable":true,"href":"https:\/\/sunmax.md\/ro\/wp-json\/wp\/v2\/product_tag?post=7933"}],"curies":[{"name":"wp","href":"https:\/\/api.w.org\/{rel}","templated":true}]}}