{"id":8316,"date":"2021-06-11T13:31:57","date_gmt":"2021-06-11T11:31:57","guid":{"rendered":"https:\/\/sunmax.md\/?post_type=product&#038;p=8316"},"modified":"2023-06-11T14:06:51","modified_gmt":"2023-06-11T12:06:51","slug":"comutator-inteligent-at4pw-tuya","status":"publish","type":"product","link":"https:\/\/sunmax.md\/ro\/cat\/comutator-inteligent-at4pw-tuya\/","title":{"rendered":"Comutator inteligent Atorch AT4PW"},"content":{"rendered":"<p><strong>CARACTERISTICI<\/strong><\/p>\n<p>Nume de marc\u0103: Atorch<\/p>\n<p>Model: AT4PW<\/p>\n<p>Origine: China<\/p>\n<p>Certificare: Eurotest (CE)<\/p>\n<p>Certificare: RoHS<\/p>\n<p>Faz\u0103: o singur\u0103 faz\u0103<\/p>\n<p>Dimensiuni: 76x76x97mm<\/p>\n<p>Tensiune nominal\u0103: 220V<\/p>\n<p>Tensiune de ie\u0219ire: AC85-265V<\/p>\n<p>Temperatura de functionare: -20\u00b0C~+60\u00b0C<\/p>\n<p>Tip de afi\u0219are: analog \u0219i digital<\/p>\n<p>Interval de m\u0103surare a energiei: 0-99999kWh<\/p>\n<p>Putere: AC<\/p>\n<p>Curent maxim de lucru: 80A-99A<\/p>\n<p>Montare: \u0219in\u0103 DIN 35 mm<\/p>\n<p>Panou de afi\u0219are: afi\u0219aj TFT-LCD HD de 2,4&#8243; cu afi\u0219aj grafic cu matrice de puncte 240X320 RGB<\/p>\n<p>Tip wireless: 2,4 GHz 802.11b\/g\/n<\/p>\n<p>Gama de putere: max. 26,5 kW<\/p>\n<p>Interval de m\u0103surare a energiei: 0 ~ 99999kWh<\/p>\n<p><strong>DESCRIERE<\/strong><\/p>\n<p>Comutator inteligent AT4PW 100A Tuya Wi-Fi Montat pe \u0219in\u0103 DIN 220Vpd 110V.<\/p>\n<p><strong>Avantaje:<\/strong><\/p>\n<ul>\n<li>Panou de afi\u0219are HD TFT-LCD de 2,4 inchi grafic 240X320 RGB Dot Matrix<\/li>\n<li>Montare pe \u0219in\u0103<\/li>\n<li>Alarma de securitate<\/li>\n<\/ul>\n","protected":false},"excerpt":{"rendered":"<p>CARACTERISTICI Nume de marc\u0103: Atorch Model: AT4PW Origine: China Certificare: Eurotest (CE) Certificare: RoHS Faz\u0103: o singur\u0103 faz\u0103 Dimensiuni: 76x76x97mm<\/p>\n","protected":false},"featured_media":8315,"template":"","meta":[],"product_cat":[70],"product_tag":[72],"class_list":{"0":"post-8316","1":"product","2":"type-product","3":"status-publish","4":"has-post-thumbnail","6":"product_cat-accesorii","7":"product_tag-accesorii","9":"first","10":"instock","11":"shipping-taxable","12":"product-type-simple"},"aioseo_notices":[],"_links":{"self":[{"href":"https:\/\/sunmax.md\/ro\/wp-json\/wp\/v2\/product\/8316","targetHints":{"allow":["GET"]}}],"collection":[{"href":"https:\/\/sunmax.md\/ro\/wp-json\/wp\/v2\/product"}],"about":[{"href":"https:\/\/sunmax.md\/ro\/wp-json\/wp\/v2\/types\/product"}],"wp:featuredmedia":[{"embeddable":true,"href":"https:\/\/sunmax.md\/ro\/wp-json\/wp\/v2\/media\/8315"}],"wp:attachment":[{"href":"https:\/\/sunmax.md\/ro\/wp-json\/wp\/v2\/media?parent=8316"}],"wp:term":[{"taxonomy":"product_cat","embeddable":true,"href":"https:\/\/sunmax.md\/ro\/wp-json\/wp\/v2\/product_cat?post=8316"},{"taxonomy":"product_tag","embeddable":true,"href":"https:\/\/sunmax.md\/ro\/wp-json\/wp\/v2\/product_tag?post=8316"}],"curies":[{"name":"wp","href":"https:\/\/api.w.org\/{rel}","templated":true}]}}