{"id":8321,"date":"2021-06-11T13:48:53","date_gmt":"2021-06-11T11:48:53","guid":{"rendered":"https:\/\/sunmax.md\/?post_type=product&#038;p=8321"},"modified":"2023-06-11T14:04:10","modified_gmt":"2023-06-11T12:04:10","slug":"kit-de-impamantare-galvanizat-9-metri-d16-mm-x-15-metri","status":"publish","type":"product","link":"https:\/\/sunmax.md\/ro\/cat\/kit-de-impamantare-galvanizat-9-metri-d16-mm-x-15-metri\/","title":{"rendered":"Kit de \u00eemp\u0103m\u00e2ntare galvanizat 9 metri (d=16 mm x 1,5 metri)"},"content":{"rendered":"<p><strong>CARACTERISTICI<\/strong><\/p>\n<p>Producator: Rusia<\/p>\n<p>Grosimea tijei: 16 mm<\/p>\n<p>Lungime lansete: 1,5 m<\/p>\n<p>Lungime total\u0103 a setului: 9 m<\/p>\n<p><strong>DESCRIERE<\/strong><\/p>\n<p>Kitul de \u00eemp\u0103m\u00e2ntare galvanizat gata f\u0103cut de 9 metri (d = 16 mm x 1,5 metri) este un design modular de tije galvanizate de 16 mm grosime \u0219i 1,5 metri lungime, lungimea total\u0103 a acestui kit de \u00eemp\u0103m\u00e2ntare este de 9 metri.<\/p>\n<p>Locul de instalare recomandat pentru trusa de \u00eemp\u0103m\u00e2ntare finit este de 9 metri galvanizat, la cel pu\u021bin 1 metru de funda\u021bie \u0219i 3 metri de intrarea \u00een cl\u0103dire. Conexiunea trusei de \u00eemp\u0103m\u00e2ntare galvanizat\u0103 \u0219i scutul din cl\u0103dire poate fi oricare dintre urm\u0103toarele conductoare de \u00eemp\u0103m\u00e2ntare: o band\u0103 de 25&#215;4 mm, o bar\u0103 de la 8 mm sau un fir PuGV de la 10 mm p\u0103tra\u021bi.<\/p>\n<p><strong>Avantaje:<\/strong><\/p>\n<ul>\n<li>Rezisten\u021ba ridicat\u0103 la coroziune este asigurat\u0103 de \u00eenveli\u0219ul galvanizat al electrozilor de p\u0103m\u00e2nt verticali.<\/li>\n<li>Durata de via\u021b\u0103 a setului de \u00eemp\u0103m\u00e2ntare galvanizat finisat \u00een p\u0103m\u00e2nt dep\u0103\u0219e\u0219te 20 de ani.<\/li>\n<li>Designul simplu al kitului de \u00eemp\u0103m\u00e2ntare galvanizat de 9 metri (d = 16 mm x 1,5 metri) permite instalarea chiar \u0219i de c\u0103tre o singur\u0103 persoan\u0103 \u0219i ocup\u0103 o suprafa\u021b\u0103 minim\u0103.<\/li>\n<\/ul>\n<p>Setul de \u00eemp\u0103m\u00e2ntare zincat include toate elementele necesare pentru instalarea de \u00eemp\u0103m\u00e2ntare:<\/p>\n<ol>\n<li>Tija de pamant zincata 16 mm x 1,5 metri (6 buc);<\/li>\n<li>V\u00e2rf pentru tij\u0103 de \u00eemp\u0103m\u00e2ntare 16 mm, zincat (1 buc);<\/li>\n<li>Cuplaj, galvanizat (5 buc);<\/li>\n<li>Cuplaj de montaj (soc) (1 buc);<\/li>\n<li>Cap de impact (1 buc);<\/li>\n<li>Colier tija-banda\/bara, zincat (1 buc);<\/li>\n<li>Unsoare grafit 100 gr. (1 BUC);<\/li>\n<li>Banda izolatoare 2 metri (1 buc).<\/li>\n<\/ol>\n","protected":false},"excerpt":{"rendered":"<p>CARACTERISTICI Producator: Rusia Grosimea tijei: 16 mm Lungime lansete: 1,5 m Lungime total\u0103 a setului: 9 m DESCRIERE Kitul de<\/p>\n","protected":false},"featured_media":8320,"template":"","meta":[],"product_cat":[70],"product_tag":[72],"class_list":{"0":"post-8321","1":"product","2":"type-product","3":"status-publish","4":"has-post-thumbnail","6":"product_cat-accesorii","7":"product_tag-accesorii","9":"first","10":"instock","11":"shipping-taxable","12":"product-type-simple"},"aioseo_notices":[],"_links":{"self":[{"href":"https:\/\/sunmax.md\/ro\/wp-json\/wp\/v2\/product\/8321","targetHints":{"allow":["GET"]}}],"collection":[{"href":"https:\/\/sunmax.md\/ro\/wp-json\/wp\/v2\/product"}],"about":[{"href":"https:\/\/sunmax.md\/ro\/wp-json\/wp\/v2\/types\/product"}],"wp:featuredmedia":[{"embeddable":true,"href":"https:\/\/sunmax.md\/ro\/wp-json\/wp\/v2\/media\/8320"}],"wp:attachment":[{"href":"https:\/\/sunmax.md\/ro\/wp-json\/wp\/v2\/media?parent=8321"}],"wp:term":[{"taxonomy":"product_cat","embeddable":true,"href":"https:\/\/sunmax.md\/ro\/wp-json\/wp\/v2\/product_cat?post=8321"},{"taxonomy":"product_tag","embeddable":true,"href":"https:\/\/sunmax.md\/ro\/wp-json\/wp\/v2\/product_tag?post=8321"}],"curies":[{"name":"wp","href":"https:\/\/api.w.org\/{rel}","templated":true}]}}