{"id":8474,"date":"2023-09-18T15:55:26","date_gmt":"2023-09-18T13:55:26","guid":{"rendered":"https:\/\/sunmax.md\/?post_type=product&#038;p=8474"},"modified":"2023-09-28T19:53:06","modified_gmt":"2023-09-28T17:53:06","slug":"boiler-din-otel-inoxidabil-300-litri","status":"publish","type":"product","link":"https:\/\/sunmax.md\/ro\/cat\/boiler-din-otel-inoxidabil-300-litri\/","title":{"rendered":"Boiler din o\u021bel inoxidabil (300 litri)"},"content":{"rendered":"<p><strong>Boiler<\/strong><\/p>\n<ul>\n<li>Capacitate (L): 300<\/li>\n<li>Material rezervor interior: o\u021bel inoxidabil alimentar SUS 304-2B.<\/li>\n<li>Dimensiuni interioare ale rezervorului: \u00d8480 mm, T1,5 mm.<\/li>\n<li>Material exterior rezervor: o\u021bel neferos gros.<\/li>\n<li>Diametru exterior rezervor: \u00d8580 mm, T0,60 mm.<\/li>\n<li>Strat izolator rezervor: spum\u0103 poliuretanic\u0103 de \u00eenalt\u0103 densitate, grosime 50 mm.<\/li>\n<li>Densitatea spumei: minim 42 kg\/m3.<\/li>\n<li>Reten\u021bie de c\u0103ldur\u0103: 96 ore.<\/li>\n<li>Material bobina: bobina de cupru \u00d812*T1.0 mm.<\/li>\n<li>Conducte de intrare \u0219i ie\u0219ire: \u0219urub filet tat\u0103 G 3\/4&#8243;, o\u021bel inoxidabil SUS 304-2B, perete de 2,5 mm.<\/li>\n<li>Sudarea rezervoarelor: Sudarea cu argon-arc.<\/li>\n<\/ul>\n<p><strong>Sta\u021bie de lucru<\/strong><\/p>\n<ul>\n<li>Pomp\u0103 de circula\u021bie \u201eWILO\u201d: zgomot redus, eficien\u021b\u0103 ridicat\u0103, timp lung de func\u021bionare.<\/li>\n<li>Debitmetru: regleaz\u0103 debitul mediu de circula\u021bie.<\/li>\n<li>Control inteligent: Controlerul SP24 controleaz\u0103 automat \u0219i inteligent \u00eentregul sistem.<\/li>\n<li>Vas de expansiune: regleaz\u0103 presiunea de func\u021bionare a sistemului atunci c\u00e2nd mediul se dilat\u0103 din cauza c\u0103ldurii.<\/li>\n<li>Supap\u0103 de siguran\u021b\u0103: presiune de lucru stabil\u0103 de 0,6 MPa pentru a asigura siguran\u021ba sistemului.<\/li>\n<li>Alte accesorii: manometru, tuburi de cupru \u0219i camera flaconului.<\/li>\n<\/ul>\n<p><strong>Accesorii incluse<\/strong><\/p>\n<ul>\n<li>Tij\u0103 de magneziu: conexiune direct\u0103.<\/li>\n<li>\u00cenc\u0103lzitor electric: o\u021bel inoxidabil cu termostat, 1,5\u20132 kW.<\/li>\n<li>Supap\u0103 P\/T: tip \u0219urub.<\/li>\n<li>Supap\u0103 de siguran\u021b\u0103: tip \u0219urub.<\/li>\n<li>Supap\u0103 de re\u021binere: tip \u0219urub.<\/li>\n<\/ul>\n","protected":false},"excerpt":{"rendered":"<p>Un boiler mare din o\u021bel inoxidabil de 300 de litri este partenerul t\u0103u de \u00eencredere \u00een furnizarea de ap\u0103 cald\u0103 timp de mul\u021bi ani.<\/p>\n","protected":false},"featured_media":8471,"template":"","meta":[],"product_cat":[123,50],"product_tag":[105,99,104,109],"class_list":{"0":"post-8474","1":"product","2":"type-product","3":"status-publish","4":"has-post-thumbnail","6":"product_cat-boilere-ro","7":"product_cat-panouri-solare","8":"product_tag-300-litri","9":"product_tag-apa-calda","10":"product_tag-boiler","11":"product_tag-boiler-din-otel-inoxidabil","13":"first","14":"instock","15":"shipping-taxable","16":"product-type-simple"},"aioseo_notices":[],"_links":{"self":[{"href":"https:\/\/sunmax.md\/ro\/wp-json\/wp\/v2\/product\/8474","targetHints":{"allow":["GET"]}}],"collection":[{"href":"https:\/\/sunmax.md\/ro\/wp-json\/wp\/v2\/product"}],"about":[{"href":"https:\/\/sunmax.md\/ro\/wp-json\/wp\/v2\/types\/product"}],"wp:featuredmedia":[{"embeddable":true,"href":"https:\/\/sunmax.md\/ro\/wp-json\/wp\/v2\/media\/8471"}],"wp:attachment":[{"href":"https:\/\/sunmax.md\/ro\/wp-json\/wp\/v2\/media?parent=8474"}],"wp:term":[{"taxonomy":"product_cat","embeddable":true,"href":"https:\/\/sunmax.md\/ro\/wp-json\/wp\/v2\/product_cat?post=8474"},{"taxonomy":"product_tag","embeddable":true,"href":"https:\/\/sunmax.md\/ro\/wp-json\/wp\/v2\/product_tag?post=8474"}],"curies":[{"name":"wp","href":"https:\/\/api.w.org\/{rel}","templated":true}]}}