{"id":8494,"date":"2023-09-19T09:38:25","date_gmt":"2023-09-19T07:38:25","guid":{"rendered":"https:\/\/sunmax.md\/?post_type=product&#038;p=8494"},"modified":"2023-09-28T19:53:24","modified_gmt":"2023-09-28T17:53:24","slug":"colector-solar-pentru-30-tuburi","status":"publish","type":"product","link":"https:\/\/sunmax.md\/ro\/cat\/colector-solar-pentru-30-tuburi\/","title":{"rendered":"Colector solar pentru 30 tuburi"},"content":{"rendered":"<p><strong>Colector solar<\/strong><\/p>\n<ul>\n<li>Tuburi de vid: acoperire selectiv\u0103 SS-C\/CU, tub de sticl\u0103 de 58X1800 mm, grosime de 1,6 mm.<\/li>\n<li>Izola\u021bie: spum\u0103 poliuretanic\u0103 de \u00eenalt\u0103 densitate importat\u0103 T35 mm \u0219i silicat de aluminiu T25 mm.<\/li>\n<li>Materialul capacului exterior \u0219i grosimea: aliaj de aluminiu T1.8mm.<\/li>\n<li>Diametrul \u0219i grosimea conductei colectoare: \u00d835mm, T1mm.<\/li>\n<li>Material \u0219i grosime conductei de c\u0103ldur\u0103: cupru purificat TU1, T0,6 mm.<\/li>\n<li>Lungimea \u0219i grosimea aripioarelor din aluminiu: L1620 mm, T0,275 mm.<\/li>\n<li>Material \u0219i grosime suport: Flexibil pentru acoperi\u0219uri plate sau \u00eenclinate.<\/li>\n<li>Calibru colector: \u00d8 22 mm.<\/li>\n<li>Garnitur\u0103: polimer de cauciuc siliconic de \u00eenalt\u0103 calitate.<\/li>\n<li>Numar de tuburi: 30.<\/li>\n<\/ul>\n","protected":false},"excerpt":{"rendered":"<p>Colectorul solar este partenerul t\u0103u de \u00eencredere \u00een \u00eenc\u0103lzirea casei \u0219i a apei folosind energia liber\u0103 a soarelui.<\/p>\n","protected":false},"featured_media":8492,"template":"","meta":[],"product_cat":[122,50],"product_tag":[99,119,121,120],"class_list":{"0":"post-8494","1":"product","2":"type-product","3":"status-publish","4":"has-post-thumbnail","6":"product_cat-colectoare-solare-ro","7":"product_cat-panouri-solare","8":"product_tag-apa-calda","9":"product_tag-colector-solar","10":"product_tag-energie-solara","11":"product_tag-incalzire-apa","13":"first","14":"instock","15":"shipping-taxable","16":"product-type-simple"},"aioseo_notices":[],"_links":{"self":[{"href":"https:\/\/sunmax.md\/ro\/wp-json\/wp\/v2\/product\/8494","targetHints":{"allow":["GET"]}}],"collection":[{"href":"https:\/\/sunmax.md\/ro\/wp-json\/wp\/v2\/product"}],"about":[{"href":"https:\/\/sunmax.md\/ro\/wp-json\/wp\/v2\/types\/product"}],"wp:featuredmedia":[{"embeddable":true,"href":"https:\/\/sunmax.md\/ro\/wp-json\/wp\/v2\/media\/8492"}],"wp:attachment":[{"href":"https:\/\/sunmax.md\/ro\/wp-json\/wp\/v2\/media?parent=8494"}],"wp:term":[{"taxonomy":"product_cat","embeddable":true,"href":"https:\/\/sunmax.md\/ro\/wp-json\/wp\/v2\/product_cat?post=8494"},{"taxonomy":"product_tag","embeddable":true,"href":"https:\/\/sunmax.md\/ro\/wp-json\/wp\/v2\/product_tag?post=8494"}],"curies":[{"name":"wp","href":"https:\/\/api.w.org\/{rel}","templated":true}]}}