{"id":8617,"date":"2024-10-30T20:12:30","date_gmt":"2024-10-30T18:12:30","guid":{"rendered":"https:\/\/sunmax.md\/?post_type=product&#038;p=8617"},"modified":"2024-10-30T20:17:49","modified_gmt":"2024-10-30T18:17:49","slug":"boiler-din-otel-inoxidabil-200-litri","status":"publish","type":"product","link":"https:\/\/sunmax.md\/ro\/cat\/boiler-din-otel-inoxidabil-200-litri\/","title":{"rendered":"Boiler din o\u021bel inoxidabil (200 litri)"},"content":{"rendered":"<p>Boiler<\/p>\n<p>Capacitate (L): 200<br \/>\nMaterial rezervor interior: o\u021bel inoxidabil alimentar SUS 304-2B.<br \/>\nDimensiuni interioare ale rezervorului: \u00d8360 mm, T1.2 mm.<br \/>\nMaterial exterior rezervor: o\u021bel neferos gros.<br \/>\nDiametru exterior rezervor: \u00d8470 mm, T0,60 mm.<br \/>\nStrat izolator rezervor: spum\u0103 poliuretanic\u0103 de \u00eenalt\u0103 densitate, grosime 50 mm.<br \/>\nDensitatea spumei: minim 42 kg\/m3.<br \/>\nReten\u021bie de c\u0103ldur\u0103: 96 ore.<br \/>\nMaterial bobina: bobina de cupru \u00d812*T1.0 mm.<br \/>\nConducte de intrare \u0219i ie\u0219ire: \u0219urub filet tat\u0103 G 3\/4&#8243;, o\u021bel inoxidabil SUS 304-2B, perete de 2,5 mm.<br \/>\nSudarea rezervoarelor: Sudarea cu argon-arc.<\/p>\n<p>Sta\u021bie de lucru<\/p>\n<p>Pomp\u0103 de circula\u021bie \u201eWILO\u201d: zgomot redus, eficien\u021b\u0103 ridicat\u0103, timp lung de func\u021bionare.<br \/>\nDebitmetru: regleaz\u0103 debitul mediu de circula\u021bie.<br \/>\nControl inteligent: Controlerul SP24 controleaz\u0103 automat \u0219i inteligent \u00eentregul sistem.<br \/>\nVas de expansiune: regleaz\u0103 presiunea de func\u021bionare a sistemului atunci c\u00e2nd mediul se dilat\u0103 din cauza c\u0103ldurii.<br \/>\nSupap\u0103 de siguran\u021b\u0103: presiune de lucru stabil\u0103 de 0,6 MPa pentru a asigura siguran\u021ba sistemului.<br \/>\nAlte accesorii: manometru, tuburi de cupru \u0219i camera fiolei.<\/p>\n<p>Accesorii incluse<\/p>\n<p>Tij\u0103 de magneziu: conexiune direct\u0103.<br \/>\n\u00cenc\u0103lzitor electric: o\u021bel inoxidabil cu termostat, 1,5\u20132 kW.<br \/>\nSupap\u0103 P\/T: tip \u0219urub.<br \/>\nSupap\u0103 de siguran\u021b\u0103: tip \u0219urub.<br \/>\nSupap\u0103 de re\u021binere: tip \u0219urub.<\/p>\n","protected":false},"excerpt":{"rendered":"<p>Boiler Capacitate (L): 200 Material rezervor interior: o\u021bel inoxidabil alimentar SUS 304-2B. Dimensiuni interioare ale rezervorului: \u00d8360 mm, T1.2 mm.<\/p>\n","protected":false},"featured_media":8471,"template":"","meta":[],"product_cat":[123],"product_tag":[144,104,109,97,138],"class_list":{"0":"post-8617","1":"product","2":"type-product","3":"status-publish","4":"has-post-thumbnail","6":"product_cat-boilere-ro","7":"product_tag-200-litri","8":"product_tag-boiler","9":"product_tag-boiler-din-otel-inoxidabil","10":"product_tag-boilere","11":"product_tag-bojler-iz-nerzhaveyushhej-stali-ro","13":"first","14":"instock","15":"shipping-taxable","16":"product-type-simple"},"aioseo_notices":[],"_links":{"self":[{"href":"https:\/\/sunmax.md\/ro\/wp-json\/wp\/v2\/product\/8617","targetHints":{"allow":["GET"]}}],"collection":[{"href":"https:\/\/sunmax.md\/ro\/wp-json\/wp\/v2\/product"}],"about":[{"href":"https:\/\/sunmax.md\/ro\/wp-json\/wp\/v2\/types\/product"}],"wp:featuredmedia":[{"embeddable":true,"href":"https:\/\/sunmax.md\/ro\/wp-json\/wp\/v2\/media\/8471"}],"wp:attachment":[{"href":"https:\/\/sunmax.md\/ro\/wp-json\/wp\/v2\/media?parent=8617"}],"wp:term":[{"taxonomy":"product_cat","embeddable":true,"href":"https:\/\/sunmax.md\/ro\/wp-json\/wp\/v2\/product_cat?post=8617"},{"taxonomy":"product_tag","embeddable":true,"href":"https:\/\/sunmax.md\/ro\/wp-json\/wp\/v2\/product_tag?post=8617"}],"curies":[{"name":"wp","href":"https:\/\/api.w.org\/{rel}","templated":true}]}}